{"id":2802,"date":"2016-01-29T08:11:52","date_gmt":"2016-01-29T07:11:52","guid":{"rendered":"http:\/\/www.greenflex.it\/de\/privacy-policy\/"},"modified":"2016-06-27T13:53:16","modified_gmt":"2016-06-27T11:53:16","slug":"datenschutz-hinweis","status":"publish","type":"page","link":"http:\/\/greenflex.it\/de\/datenschutz-hinweis\/","title":{"rendered":"Datenschutz Hinweis"},"content":{"rendered":"<p>[vc_row][vc_column css=&#8221;.vc_custom_1453960601264{padding-right: 30px !important;}&#8221;][vc_custom_heading text=&#8221;Datenschutz Hinweis&#8221; use_theme_fonts=&#8221;yes&#8221; css=&#8221;.vc_custom_1467027167860{margin-bottom: 20px !important;}&#8221;][vc_column_text css=&#8221;.vc_custom_1467028359987{margin-bottom: 0px !important;}&#8221;]<strong>Informationen \u00fcber Cookies<\/strong><\/p>\n<p>Um unsere Website einfacher und intuitiver zu machen, nutzen wir Cookies. Cookies sind kleine Textdateien, welche von den Nutzern besuchte Seiten an die eigenen Endger\u00e4te weiterleiten, wo sie gespeichert werden, um dann an dieselben Seiten zur\u00fcckgesendet zu warden. Weitere Informationen \u00fcber Cookies finden Sie an AboutCookies.org. Wenn der Nutzer die Navigation der Seite fortzusetzen w\u00e4hlt &#8211; das Banner zu ignorieren &#8211; er stimmt \u00fcber die Verwendung von Cookies.<\/p>\n<p>Technische Cookies werden dann an den Nutzer gesendet werden, seine Pr\u00e4ferenz zu speichern und das Banner mit der kurzen Informationen zu verhindern w\u00e4hrend der Fortsetzung der Navigation und auch bei eventuellen sp\u00e4teren Besuche zu behalten erscheinen.<\/p>\n<p>Der Nutzer kann durch Zugriff auf die umfangreiche Informationsseite jederzeit seine Option \u00e4ndern.<\/p>\n<hr \/>\n<p><strong>Cookies dieser Website und deren Zweck<\/strong><\/p>\n<p>Die Verwendung von technischen Cookies erfordern nicht die vorherige Zustimmung nach Art. 122 Absatz 1 des Dekrets Nr. 196\/2003. Diese Cookies k\u00f6nnen bestimmte Funktionen erm\u00f6glichen, ohne die es nicht m\u00f6glich w\u00e4re, vollst\u00e4ndig auf der Website verwenden und auf dem Ger\u00e4t des Benutzers nur w\u00e4hrend der Verwendung der Browser-Session \u00fcbertragen. Technische Cookies verwendet werden:<\/p>\n<p><strong>PHPSESSID PHPSESSID<\/strong><\/p>\n<p>Es ist ein nativer PHP Cookie und erm\u00f6glicht es Websites, die den Zustand der Serialisierung Daten zu speichern. Es wird verwendet, um einen Nutzer-Sitzung und Statusdaten \u00fcber eine tempor\u00e4re Cookies, die gemeinhin als Session-Cookies zu kommunizieren. Da die PHPSESSID Cookie keine Ablaufzeit hat, verschwindet es, wenn der Browser geschlossen wird.<\/p>\n<p><strong>SSID, SID, SAPISID, PREF, NID, HSID, APISID<\/strong><\/p>\n<p>Cookies, die von Google Maps, die f\u00fcr den Betrieb von dynamischen Karten erforderlich sind. Der Inhalt und ihrer Entstehung sind nicht direkt steuerbar, da die Aufnahme von automatisch dynamischen Karte generierten.<\/p>\n<p>Diese Cookies k\u00f6nnen \u00fcber die Browser-Einstellungen deaktiviert und \/ oder gel\u00f6scht werden.<\/p>\n<hr \/>\n<p><strong>Cookies von Seiten Dritter (sog. Third-Party-Cookies)<\/strong><\/p>\n<p><em>Google Analytics<\/em><\/p>\n<p>Diese Website benutzt die Navigationsdaten-Monitoring-System Google Analytics, einen Web-Traffic-Analyse-Service von Google Inc. zur Verf\u00fcgung gestellt, durch die sie zu Cookies von Drittanbietern \u00fcbertragen werden, gesammelt und verwaltet werden in aggregierter Form zu verfolgen und Website-Performance zu verbessern.<\/p>\n<p>Google Analytics nutzt Cookies, d.h. Textdateien, die auf dem Computer gespeichert sind, die es erlauben zu verstehen, wie das Internetangebot \u00fcber Google genutzt wird: <a href=\"https:\/\/support.google.com\/analytics\/answer\/6004245?hl=it\">https:\/\/support.google.com\/analytics\/answer\/6004245?hl=it <\/a><\/p>\n<p>Beim Verwenden dieser Webseiten, akzeptieren Sie die Verarbeitung der Daten auf die Art und Weise und f\u00fcr die Zwecke, die oben beschrieben wurden. Sie k\u00f6nnen eine Speicherung der Cookies verhindern, indem Sie bestimmte Einstellungen des Browsers und der Software bearbeiten. Zu diesem Zweck k\u00f6nnen Sie einen Browser Plug-In installieren, der unter der folgenden Adresse erh\u00e4ltlich ist:\u00a0<a href=\"https:\/\/tools.google.com\/dlpage\/gaoptout\">https:\/\/tools.google.com\/dlpage\/gaoptout<\/a><\/p>\n<p><em>Facebook<\/em><\/p>\n<p>Diese Website nutzt Dritter von der Website Link zu Facebook erzeugten Cookies. Unter dem folgenden Link finden Sie die Erkl\u00e4rung \u00fcber den Datenschutz auf Facebook:\u00a0<a href=\"https:\/\/www.facebook.com\/help\/cookies\/\">https:\/\/www.facebook.com\/help\/cookies\/<\/a>. So entfernen Sie von Ihrem Browser Cookies durch Facebook installiert gehen Sie zu folgendem Bereich: Facebook (Konfiguration): Zugriff auf Ihr Konto. Abschnitt Datenschutz.<\/p>\n<p><em>Google+<\/em><\/p>\n<p>Diese Website nutzt Cookies von Drittanbietern bei google + Link generiert. Weitere Informationen \u00fcber die installierte Cookie: <a href=\"http:\/\/www.google.it\/intl\/it\/policies\/technologies\/cookies\/\">http:\/\/www.google.it\/intl\/it\/policies\/technologies\/cookies\/<\/a><\/p>\n<p>Google+ Deaktivierung von Cookies: <a href=\"http:\/\/www.google.it\/intl\/it\/policies\/technologies\/managing\/\">http:\/\/www.google.it\/intl\/it\/policies\/technologies\/managing\/<\/a><\/p>\n<p><em>YouTube<\/em><\/p>\n<p>Diese Website nutzt Dritter von der Website Youtube Link generiert Cookies: <a href=\"https:\/\/www.google.it\/intl\/it\/policies\/privacy\/\">https:\/\/www.google.it\/intl\/it\/policies\/privacy\/<\/a><\/p>\n<p>Cookies von Drittanbietern von Youtube Website generiert zu deaktivieren finden Sie in den Hilfeseiten unter: <a href=\"https:\/\/www.google.it\/intl\/it\/policies\/privacy\/\">https:\/\/www.google.it\/intl\/it\/policies\/privacy\/<\/a><\/p>\n<hr \/>\n<p><strong>Cookies im Browser-Management<\/strong><\/p>\n<p>Jeder Browser hat verschiedene Verfahren f\u00fcr Ihre Einstellungen, Cookies und Website-Daten zu verwalten. Weitere Informationen sind unter folgendem Link verf\u00fcgbar:<\/p>\n<ul>\n<li>Chrome: <a href=\"https:\/\/support.google.com\/chrome\/answer\/95647?hl=it\">https:\/\/support.google.com\/chrome\/answer\/95647?hl=it<\/a><\/li>\n<li>Firefox: <a href=\"https:\/\/support.mozilla.org\/it\/kb\/Gestione%20dei%20cookie\">https:\/\/support.mozilla.org\/it\/kb\/Gestione dei cookie<\/a><\/li>\n<li>Internet Explorer: <a href=\"http:\/\/windows.microsoft.com\/it-it\/internet-explorer\/delete-%20%20%20%20%20manage-cookies\">http:\/\/windows.microsoft.com\/it-it\/internet-explorer\/delete-\u00a0\u00a0\u00a0\u00a0 manage-cookies<\/a><\/li>\n<li>Opera: <a href=\"http:\/\/help.opera.com\/Windows\/10.00\/it\/cookies.html\">http:\/\/help.opera.com\/Windows\/10.00\/it\/cookies.html<\/a><\/li>\n<li>Safari: <a href=\"http:\/\/support.apple.com\/kb\/HT1677?viewlocale=it_IT\">http:\/\/support.apple.com\/kb\/HT1677?viewlocale=it_IT<\/a><\/li>\n<\/ul>\n<hr \/>\n<p><strong>Inhaber der Daten<\/strong><\/p>\n<p>Greenflex, Via Stelvio 1762 \/ D &#8211; Talamona (SO) &#8211; Italien.<\/p>\n<p>Rechte. Nach Artikel 7 des Datenschutzkodex, haben unsere Klienten das Recht, kostenlos Informationen \u00fcber die Speicherung Ihrer eigenen Daten zu erhalten und sie k\u00f6nnen deren Richtigstellung, Blockierung oder L\u00f6schung fordern. Um Ihre Rechte auszu\u00fcben, die Namen der internen und externen Verantwortlichen zu erhalten, Informationen \u00fcber die Vereinigungen der Greenflex-Gruppe oder \u00fcber dritte Vereinigungen f\u00fcr die Werbet\u00e4tigkeiten gemacht werden oder denen die pers\u00f6nlichen Daten mitgeteilt werden k\u00f6nnen und um die eigene Zustimmung zu widerrufen, wenden Sie sich an Greenflex.\u00a0 Jede Anfrage muss an\u00a0<em>folgende Adresse gesendet werden:<\/em> <a href=\"mailto:info@greenflex.it\">info@greenflex.it<\/a><\/p>\n<p>[\/vc_column_text][\/vc_column][\/vc_row]<\/p>\n","protected":false},"excerpt":{"rendered":"<p>[vc_row][vc_column css=&#8221;.vc_custom_1453960601264{padding-right: 30px !important;}&#8221;][vc_custom_heading text=&#8221;Datenschutz Hinweis&#8221; use_theme_fonts=&#8221;yes&#8221; css=&#8221;.vc_custom_1467027167860{margin-bottom: 20px !important;}&#8221;][vc_column_text css=&#8221;.vc_custom_1467028359987{margin-bottom: 0px !important;}&#8221;]Informationen \u00fcber Cookies Um unsere Website einfacher und intuitiver zu machen, nutzen wir Cookies. Cookies sind kleine Textdateien, welche von den Nutzern besuchte Seiten an die eigenen Endger\u00e4te weiterleiten, wo sie gespeichert werden, um dann an dieselben Seiten zur\u00fcckgesendet zu warden. Weitere Informationen [&hellip;]<\/p>\n","protected":false},"author":1,"featured_media":0,"parent":0,"menu_order":0,"comment_status":"closed","ping_status":"closed","template":"","meta":{"footnotes":""},"class_list":["post-2802","page","type-page","status-publish","hentry"],"_links":{"self":[{"href":"http:\/\/greenflex.it\/de\/wp-json\/wp\/v2\/pages\/2802","targetHints":{"allow":["GET"]}}],"collection":[{"href":"http:\/\/greenflex.it\/de\/wp-json\/wp\/v2\/pages"}],"about":[{"href":"http:\/\/greenflex.it\/de\/wp-json\/wp\/v2\/types\/page"}],"author":[{"embeddable":true,"href":"http:\/\/greenflex.it\/de\/wp-json\/wp\/v2\/users\/1"}],"replies":[{"embeddable":true,"href":"http:\/\/greenflex.it\/de\/wp-json\/wp\/v2\/comments?post=2802"}],"version-history":[{"count":2,"href":"http:\/\/greenflex.it\/de\/wp-json\/wp\/v2\/pages\/2802\/revisions"}],"predecessor-version":[{"id":2804,"href":"http:\/\/greenflex.it\/de\/wp-json\/wp\/v2\/pages\/2802\/revisions\/2804"}],"wp:attachment":[{"href":"http:\/\/greenflex.it\/de\/wp-json\/wp\/v2\/media?parent=2802"}],"curies":[{"name":"wp","href":"https:\/\/api.w.org\/{rel}","templated":true}]}}