{"id":1905,"date":"2016-01-29T05:02:43","date_gmt":"2016-01-29T04:02:43","guid":{"rendered":"http:\/\/www.greenflex.it\/de\/matratzen\/tiziano\/"},"modified":"2016-09-13T13:37:32","modified_gmt":"2016-09-13T11:37:32","slug":"tiziano","status":"publish","type":"page","link":"http:\/\/greenflex.it\/de\/matratzen\/tiziano\/","title":{"rendered":"Tiziano"},"content":{"rendered":"<p>[vc_row][vc_column width=&#8221;1\/2&#8243;][vc_custom_heading text=&#8221;Matratze Tiziano&#8221; use_theme_fonts=&#8221;yes&#8221; css=&#8221;.vc_custom_1466512348555{margin-bottom: 20px !important;}&#8221;][vc_column_text css=&#8221;.vc_custom_1473766646171{margin-bottom: 0px !important;}&#8221;]<\/p>\n<p style=\"text-align: justify;\">Tiziano Double Memory ist das, nach sorgfaeltigen Laborproben erreichte Resultat einer optimaler und meisterhaften Mischung verschiedener Materialien. Die forschittlieche technologische Forschung hat die Entwicklung eines Schaumstoffes wie WATERLILY VISCOELASTIC ermoeglicht.<\/p>\n<p style=\"text-align: justify;\">Dieses neue Waterlily Viscoelastic gestattet dank seiner Elastizit\u00e4t und der Zellenstruktur mit hoechster Atrmungsaktivitatet:<\/p>\n<ul style=\"text-align: justify;\">\n<li>Die selbstaendige Formanpassung auf Grund der K\u00f6rpertemperatur.<\/li>\n<li>Die Verbesserung der Atmungsaktivit\u00e4t und Entfernung, der durch den K\u00f6rper produzierten Feuchtigkeit.<\/li>\n<li>Die Aufnahme und allm\u00e4hliche, gleichm\u00e4\u00dfige und ausgeglichene Verteilung des K\u00f6rpergewichtes.<\/li>\n<li>Das Minimieren des Druckpunkte um einen hohen Nutzungskomfort zu erreichen.<\/li>\n<\/ul>\n<p style=\"text-align: justify;\">In Bezug auf bleibende Verformung und Reisswidertand bietet Waterlily Viscoelastic die Eigenschaften der besten auf dem Markt vorhandenen Materialen, waehrend der viskoelastiche Effekt und die Atmunskapazitaet dem Wettbewerb weit ueberlegen sind.<\/p>\n<p style=\"text-align: justify;\">Das Herz der Matratze bestehet aus einem undeformierbaren, hochwertigen Kern mit guter Atmungsaktivit\u00e4t der eine optimale Stuetzfaehigkeit garantiert. Mit anderen Worten bedeutet dies Komfort und Zuverl\u00e4ssigkeit. Gesteppter Anti-Milben-Textilueberzug mit Memory-Schaum von besonderes visuellen Effekt. Dieses Produkt gestattet beidseitig auf einem Memory-Schaum zu schlafen und bietet die M\u00f6glichkeit, ein Bett hoechster Qualitaet zu besitzen.<\/p>\n<p style=\"text-align: justify;\">Durch die termische Anpassung an die Konturen der Person hat jede Partie des K\u00f6rpers das Gefuehl, den Blutstrom zu lindern.<\/p>\n<p>[\/vc_column_text][\/vc_column][vc_column width=&#8221;1\/2&#8243;][vc_images_carousel images=&#8221;2658&#8243; img_size=&#8221;full&#8221; speed=&#8221;3000&#8243; autoplay=&#8221;yes&#8221; hide_pagination_control=&#8221;yes&#8221; css=&#8221;.vc_custom_1466512802937{margin-bottom: 0px !important;}&#8221;][vc_row_inner css=&#8221;.vc_custom_1465220229001{margin-top: 30px !important;margin-bottom: 30px !important;}&#8221;][vc_column_inner width=&#8221;1\/2&#8243;]<div class=\"smile_icon_list_wrap ult-adjust-bottom-margin  \"><ul class=\"smile_icon_list left square with_bg\"><li class=\"icon_list_item\" style=\" font-size:72px;\"><div class=\"icon_list_icon\" data-animation=\"\" data-animation-delay=\"03\" style=\"font-size:24px;border-width:1px;border-style:none;background:#ffffff;color:#333333;border-color:#333333;\"><img decoding=\"async\" class=\"list-img-icon\" alt=\"null\" src=\"http:\/\/greenflex.it\/wp-content\/uploads\/2016\/03\/lastra-memory-icona.png\"\/><\/div><div class=\"icon_description\" id=\"Info-list-wrap-9148\"><div class=\"icon_description_text ult-responsive\"  data-ultimate-target='#Info-list-wrap-9148 .icon_description_text'  data-responsive-json-new='{\"font-size\":\"desktop:13px;\",\"line-height\":\"desktop:18px;\"}'  style=\"\"><p>Kern aus Memory Foam Waterlily 18 cm<\/p>\n<\/div><\/div><div class=\"icon_list_connector\"  style=\"border-color:#333333;\"><\/div><\/li><\/ul><\/div>[\/vc_column_inner][vc_column_inner width=&#8221;1\/2&#8243;]<div class=\"smile_icon_list_wrap ult-adjust-bottom-margin  \"><ul class=\"smile_icon_list left square with_bg\"><li class=\"icon_list_item\" style=\" font-size:72px;\"><div class=\"icon_list_icon\" data-animation=\"\" data-animation-delay=\"03\" style=\"font-size:24px;border-width:1px;border-style:none;background:#ffffff;color:#333333;border-color:#333333;\"><img decoding=\"async\" class=\"list-img-icon\" alt=\"null\" src=\"http:\/\/greenflex.it\/wp-content\/uploads\/2016\/03\/climatizzato-icona.png\"\/><\/div><div class=\"icon_description\" id=\"Info-list-wrap-3017\"><div class=\"icon_description_text ult-responsive\"  data-ultimate-target='#Info-list-wrap-3017 .icon_description_text'  data-responsive-json-new='{\"font-size\":\"desktop:13px;\",\"line-height\":\"desktop:18px;\"}'  style=\"\"><p>Klimatisiert<\/p>\n<\/div><\/div><div class=\"icon_list_connector\"  style=\"border-color:#333333;\"><\/div><\/li><\/ul><\/div>[\/vc_column_inner][\/vc_row_inner][vc_row_inner css=&#8221;.vc_custom_1465220239745{margin-top: 30px !important;margin-bottom: 30px !important;}&#8221;][vc_column_inner width=&#8221;1\/2&#8243;]<div class=\"smile_icon_list_wrap ult-adjust-bottom-margin  \"><ul class=\"smile_icon_list left square with_bg\"><li class=\"icon_list_item\" style=\" font-size:72px;\"><div class=\"icon_list_icon\" data-animation=\"\" data-animation-delay=\"03\" style=\"font-size:24px;border-width:1px;border-style:none;background:#ffffff;color:#333333;border-color:#333333;\"><img decoding=\"async\" class=\"list-img-icon\" alt=\"null\" src=\"http:\/\/greenflex.it\/wp-content\/uploads\/2016\/03\/rivestimento-icona.png\"\/><\/div><div class=\"icon_description\" id=\"Info-list-wrap-7007\"><div class=\"icon_description_text ult-responsive\"  data-ultimate-target='#Info-list-wrap-7007 .icon_description_text'  data-responsive-json-new='{\"font-size\":\"desktop:13px;\",\"line-height\":\"desktop:18px;\"}'  style=\"\"><p>Antiallergisch mit Lurex<\/p>\n<\/div><\/div><div class=\"icon_list_connector\"  style=\"border-color:#333333;\"><\/div><\/li><\/ul><\/div>[\/vc_column_inner][vc_column_inner width=&#8221;1\/2&#8243;]<div class=\"smile_icon_list_wrap ult-adjust-bottom-margin  \"><ul class=\"smile_icon_list left square with_bg\"><li class=\"icon_list_item\" style=\" font-size:72px;\"><div class=\"icon_list_icon\" data-animation=\"\" data-animation-delay=\"03\" style=\"font-size:24px;border-width:1px;border-style:none;background:#ffffff;color:#333333;border-color:#333333;\"><img decoding=\"async\" class=\"list-img-icon\" alt=\"null\" src=\"http:\/\/greenflex.it\/wp-content\/uploads\/2016\/03\/anallergico-icona.png\"\/><\/div><div class=\"icon_description\" id=\"Info-list-wrap-7093\"><div class=\"icon_description_text ult-responsive\"  data-ultimate-target='#Info-list-wrap-7093 .icon_description_text'  data-responsive-json-new='{\"font-size\":\"desktop:13px;\",\"line-height\":\"desktop:18px;\"}'  style=\"\"><p>Antiallergisch<\/p>\n<\/div><\/div><div class=\"icon_list_connector\"  style=\"border-color:#333333;\"><\/div><\/li><\/ul><\/div>[\/vc_column_inner][\/vc_row_inner][vc_row_inner css=&#8221;.vc_custom_1465220248222{margin-top: 30px !important;margin-bottom: 30px !important;}&#8221;][vc_column_inner width=&#8221;1\/2&#8243;]<div class=\"smile_icon_list_wrap ult-adjust-bottom-margin  \"><ul class=\"smile_icon_list left square with_bg\"><li class=\"icon_list_item\" style=\" font-size:72px;\"><div class=\"icon_list_icon\" data-animation=\"\" data-animation-delay=\"03\" style=\"font-size:24px;border-width:1px;border-style:none;background:#ffffff;color:#333333;border-color:#333333;\"><img decoding=\"async\" class=\"list-img-icon\" alt=\"null\" src=\"http:\/\/greenflex.it\/wp-content\/uploads\/2016\/03\/imbottitura-icona.png\"\/><\/div><div class=\"icon_description\" id=\"Info-list-wrap-2048\"><div class=\"icon_description_text ult-responsive\"  data-ultimate-target='#Info-list-wrap-2048 .icon_description_text'  data-responsive-json-new='{\"font-size\":\"desktop:13px;\",\"line-height\":\"desktop:18px;\"}'  style=\"\"><p>Polsterf\u00fcllung aus weicher Watte 300 gr. Mq.<\/p>\n<\/div><\/div><div class=\"icon_list_connector\"  style=\"border-color:#333333;\"><\/div><\/li><\/ul><\/div>[\/vc_column_inner][vc_column_inner width=&#8221;1\/2&#8243;]<div class=\"smile_icon_list_wrap ult-adjust-bottom-margin  \"><ul class=\"smile_icon_list left square with_bg\"><li class=\"icon_list_item\" style=\" font-size:72px;\"><div class=\"icon_list_icon\" data-animation=\"\" data-animation-delay=\"03\" style=\"font-size:24px;border-width:1px;border-style:none;background:#ffffff;color:#333333;border-color:#333333;\"><img decoding=\"async\" class=\"list-img-icon\" alt=\"null\" src=\"http:\/\/greenflex.it\/wp-content\/uploads\/2016\/03\/traspirante-icona.png\"\/><\/div><div class=\"icon_description\" id=\"Info-list-wrap-7377\"><div class=\"icon_description_text ult-responsive\"  data-ultimate-target='#Info-list-wrap-7377 .icon_description_text'  data-responsive-json-new='{\"font-size\":\"desktop:13px;\",\"line-height\":\"desktop:18px;\"}'  style=\"\"><p>Atmungsaktiv<\/p>\n<\/div><\/div><div class=\"icon_list_connector\"  style=\"border-color:#333333;\"><\/div><\/li><\/ul><\/div>[\/vc_column_inner][\/vc_row_inner][vc_row_inner css=&#8221;.vc_custom_1465220258094{margin-top: 30px !important;margin-bottom: 30px !important;}&#8221;][vc_column_inner width=&#8221;1\/2&#8243;]<div class=\"smile_icon_list_wrap ult-adjust-bottom-margin  \"><ul class=\"smile_icon_list left square with_bg\"><li class=\"icon_list_item\" style=\" font-size:72px;\"><div class=\"icon_list_icon\" data-animation=\"\" data-animation-delay=\"03\" style=\"font-size:24px;border-width:1px;border-style:none;background:#ffffff;color:#333333;border-color:#333333;\"><img decoding=\"async\" class=\"list-img-icon\" alt=\"null\" src=\"http:\/\/greenflex.it\/wp-content\/uploads\/2016\/03\/rivestimento-icona.png\"\/><\/div><div class=\"icon_description\" id=\"Info-list-wrap-8387\"><div class=\"icon_description_text ult-responsive\"  data-ultimate-target='#Info-list-wrap-8387 .icon_description_text'  data-responsive-json-new='{\"font-size\":\"desktop:13px;\",\"line-height\":\"desktop:18px;\"}'  style=\"\"><p>Inneres Trikotgewebe<\/p>\n<\/div><\/div><div class=\"icon_list_connector\"  style=\"border-color:#333333;\"><\/div><\/li><\/ul><\/div>[\/vc_column_inner][vc_column_inner width=&#8221;1\/2&#8243;]<div class=\"smile_icon_list_wrap ult-adjust-bottom-margin  \"><ul class=\"smile_icon_list left square with_bg\"><li class=\"icon_list_item\" style=\" font-size:72px;\"><div class=\"icon_list_icon\" data-animation=\"\" data-animation-delay=\"03\" style=\"font-size:24px;border-width:1px;border-style:none;background:#ffffff;color:#333333;border-color:#333333;\"><img decoding=\"async\" class=\"list-img-icon\" alt=\"null\" src=\"http:\/\/greenflex.it\/wp-content\/uploads\/2016\/03\/flessibile-icona.png\"\/><\/div><div class=\"icon_description\" id=\"Info-list-wrap-4661\"><div class=\"icon_description_text ult-responsive\"  data-ultimate-target='#Info-list-wrap-4661 .icon_description_text'  data-responsive-json-new='{\"font-size\":\"desktop:13px;\",\"line-height\":\"desktop:18px;\"}'  style=\"\"><p>Flexibel<\/p>\n<\/div><\/div><div class=\"icon_list_connector\"  style=\"border-color:#333333;\"><\/div><\/li><\/ul><\/div>[\/vc_column_inner][\/vc_row_inner][vc_row_inner css=&#8221;.vc_custom_1465220266485{margin-top: 30px !important;margin-bottom: 30px !important;}&#8221;][vc_column_inner width=&#8221;1\/2&#8243;]<div class=\"smile_icon_list_wrap ult-adjust-bottom-margin  \"><ul class=\"smile_icon_list left square with_bg\"><li class=\"icon_list_item\" style=\" font-size:72px;\"><div class=\"icon_list_icon\" data-animation=\"\" data-animation-delay=\"03\" style=\"font-size:24px;border-width:1px;border-style:none;background:#ffffff;color:#333333;border-color:#333333;\"><img decoding=\"async\" class=\"list-img-icon\" alt=\"null\" src=\"http:\/\/greenflex.it\/wp-content\/uploads\/2016\/03\/sfoderabile-icona.png\"\/><\/div><div class=\"icon_description\" id=\"Info-list-wrap-4684\"><div class=\"icon_description_text ult-responsive\"  data-ultimate-target='#Info-list-wrap-4684 .icon_description_text'  data-responsive-json-new='{\"font-size\":\"desktop:13px;\",\"line-height\":\"desktop:18px;\"}'  style=\"\"><p>\u00dcberzug von gesamten Umfang abziehbar<\/p>\n<\/div><\/div><div class=\"icon_list_connector\"  style=\"border-color:#333333;\"><\/div><\/li><\/ul><\/div>[\/vc_column_inner][vc_column_inner width=&#8221;1\/2&#8243;]<div class=\"smile_icon_list_wrap ult-adjust-bottom-margin  \"><ul class=\"smile_icon_list left square with_bg\"><li class=\"icon_list_item\" style=\" font-size:72px;\"><div class=\"icon_list_icon\" data-animation=\"\" data-animation-delay=\"03\" style=\"font-size:24px;border-width:1px;border-style:none;background:#ffffff;color:#333333;border-color:#333333;\"><img decoding=\"async\" class=\"list-img-icon\" alt=\"null\" src=\"http:\/\/greenflex.it\/wp-content\/uploads\/2016\/03\/portanza-icona.png\"\/><\/div><div class=\"icon_description\" id=\"Info-list-wrap-9144\"><div class=\"icon_description_text ult-responsive\"  data-ultimate-target='#Info-list-wrap-9144 .icon_description_text'  data-responsive-json-new='{\"font-size\":\"desktop:13px;\",\"line-height\":\"desktop:18px;\"}'  style=\"\"><p>Differenzierte St\u00fctzf\u00e4higkeit<\/p>\n<\/div><\/div><div class=\"icon_list_connector\"  style=\"border-color:#333333;\"><\/div><\/li><\/ul><\/div>[\/vc_column_inner][\/vc_row_inner][vc_row_inner css=&#8221;.vc_custom_1465220275189{margin-top: 30px !important;margin-bottom: 30px !important;}&#8221;][vc_column_inner width=&#8221;1\/2&#8243;]<div class=\"smile_icon_list_wrap ult-adjust-bottom-margin  \"><ul class=\"smile_icon_list left square with_bg\"><li class=\"icon_list_item\" style=\" font-size:72px;\"><div class=\"icon_list_icon\" data-animation=\"\" data-animation-delay=\"03\" style=\"font-size:24px;border-width:1px;border-style:none;background:#ffffff;color:#333333;border-color:#333333;\"><img decoding=\"async\" class=\"list-img-icon\" alt=\"null\" src=\"http:\/\/greenflex.it\/wp-content\/uploads\/2016\/03\/antiacaro-icona.png\"\/><\/div><div class=\"icon_description\" id=\"Info-list-wrap-6033\"><div class=\"icon_description_text ult-responsive\"  data-ultimate-target='#Info-list-wrap-6033 .icon_description_text'  data-responsive-json-new='{\"font-size\":\"desktop:13px;\",\"line-height\":\"desktop:18px;\"}'  style=\"\"><p>Anti-Milben<\/p>\n<\/div><\/div><div class=\"icon_list_connector\"  style=\"border-color:#333333;\"><\/div><\/li><\/ul><\/div>[\/vc_column_inner][vc_column_inner width=&#8221;1\/2&#8243;]<div class=\"smile_icon_list_wrap ult-adjust-bottom-margin  \"><ul class=\"smile_icon_list left square with_bg\"><li class=\"icon_list_item\" style=\" font-size:72px;\"><div class=\"icon_list_icon\" data-animation=\"\" data-animation-delay=\"03\" style=\"font-size:24px;border-width:1px;border-style:none;background:#ffffff;color:#333333;border-color:#333333;\"><img decoding=\"async\" class=\"list-img-icon\" alt=\"null\" src=\"http:\/\/greenflex.it\/wp-content\/uploads\/2016\/03\/rete-doga-icona.png\"\/><\/div><div class=\"icon_description\" id=\"Info-list-wrap-6409\"><div class=\"icon_description_text ult-responsive\"  data-ultimate-target='#Info-list-wrap-6409 .icon_description_text'  data-responsive-json-new='{\"font-size\":\"desktop:13px;\",\"line-height\":\"desktop:18px;\"}'  style=\"\"><p>Lattenrost verwenden<\/p>\n<\/div><\/div><div class=\"icon_list_connector\"  style=\"border-color:#333333;\"><\/div><\/li><\/ul><\/div>[\/vc_column_inner][\/vc_row_inner][vc_btn title=&#8221;Laden Sie hier das Datenblatt herunter! &#8221; shape=&#8221;square&#8221; color=&#8221;black&#8221; size=&#8221;xs&#8221; align=&#8221;right&#8221; i_icon_fontawesome=&#8221;fa fa-file-pdf-o&#8221; link=&#8221;url:http%3A%2F%2Fwww.greenflex.it%2Fwp-content%2Fuploads%2F2016%2F09%2Ftiziano_ger.pdf||target:%20_blank&#8221; add_icon=&#8221;true&#8221; css=&#8221;.vc_custom_1473766592179{margin-top: 30px !important;margin-bottom: 0px !important;}&#8221;][\/vc_column][\/vc_row]<\/p>\n","protected":false},"excerpt":{"rendered":"<p>[vc_row][vc_column width=&#8221;1\/2&#8243;][vc_custom_heading text=&#8221;Matratze Tiziano&#8221; use_theme_fonts=&#8221;yes&#8221; css=&#8221;.vc_custom_1466512348555{margin-bottom: 20px !important;}&#8221;][vc_column_text css=&#8221;.vc_custom_1473766646171{margin-bottom: 0px !important;}&#8221;] Tiziano Double Memory ist das, nach sorgfaeltigen Laborproben erreichte Resultat einer optimaler und meisterhaften Mischung verschiedener Materialien. Die forschittlieche technologische Forschung hat die Entwicklung eines Schaumstoffes wie WATERLILY VISCOELASTIC ermoeglicht. Dieses neue Waterlily Viscoelastic gestattet dank seiner Elastizit\u00e4t und der Zellenstruktur mit hoechster Atrmungsaktivitatet: [&hellip;]<\/p>\n","protected":false},"author":1,"featured_media":0,"parent":1777,"menu_order":0,"comment_status":"closed","ping_status":"open","template":"","meta":{"footnotes":""},"class_list":["post-1905","page","type-page","status-publish","hentry"],"_links":{"self":[{"href":"http:\/\/greenflex.it\/de\/wp-json\/wp\/v2\/pages\/1905","targetHints":{"allow":["GET"]}}],"collection":[{"href":"http:\/\/greenflex.it\/de\/wp-json\/wp\/v2\/pages"}],"about":[{"href":"http:\/\/greenflex.it\/de\/wp-json\/wp\/v2\/types\/page"}],"author":[{"embeddable":true,"href":"http:\/\/greenflex.it\/de\/wp-json\/wp\/v2\/users\/1"}],"replies":[{"embeddable":true,"href":"http:\/\/greenflex.it\/de\/wp-json\/wp\/v2\/comments?post=1905"}],"version-history":[{"count":9,"href":"http:\/\/greenflex.it\/de\/wp-json\/wp\/v2\/pages\/1905\/revisions"}],"predecessor-version":[{"id":3287,"href":"http:\/\/greenflex.it\/de\/wp-json\/wp\/v2\/pages\/1905\/revisions\/3287"}],"up":[{"embeddable":true,"href":"http:\/\/greenflex.it\/de\/wp-json\/wp\/v2\/pages\/1777"}],"wp:attachment":[{"href":"http:\/\/greenflex.it\/de\/wp-json\/wp\/v2\/media?parent=1905"}],"curies":[{"name":"wp","href":"https:\/\/api.w.org\/{rel}","templated":true}]}}