{"id":1819,"date":"2016-01-28T08:06:13","date_gmt":"2016-01-28T07:06:13","guid":{"rendered":"http:\/\/www.greenflex.it\/de\/matratzen\/caravaggio-memolat\/"},"modified":"2016-09-13T07:46:30","modified_gmt":"2016-09-13T05:46:30","slug":"caravaggio-memolat","status":"publish","type":"page","link":"http:\/\/greenflex.it\/de\/matratzen\/caravaggio-memolat\/","title":{"rendered":"Caravaggio Memolat"},"content":{"rendered":"<p>[vc_row][vc_column width=&#8221;1\/2&#8243;][vc_custom_heading text=&#8221;Matratze Caravaggio Memolat&#8221; use_theme_fonts=&#8221;yes&#8221; css=&#8221;.vc_custom_1466511247062{margin-bottom: 20px !important;}&#8221;][vc_column_text css=&#8221;.vc_custom_1465562614872{margin-bottom: 0px !important;}&#8221;]<\/p>\n<p style=\"text-align: justify;\">CARAVAGGIO mit 7 differenzierten Liegezonen aus einer meisterhaften Mischung von Memory Foam Materialien und 100% nat\u00fcrlichem Latex bildet ein wirklich einzigartiges Binom. Besonders geeignet f\u00fcr Personen die es sch\u00e4tzen, auf einem m\u00f6glichst nat\u00fcrlichen und \u00e4u\u00dfert bequemen Bett zu ruhen.<\/p>\n<p style=\"text-align: justify;\">Latex ist eine komplexe Emulsion die je nach Art und Standort der Kautschuk-B\u00e4ume welche diesen Rohstoff ausscheiden, unterschiedliche Eigenschaften hat. Die besten und hochwertigsten Qualit\u00e4ten von nat\u00fcrlichem Latex werden aus der, in den tropischen W\u00e4ldern Asiens wachsenden Hevea brasiliensis gewonnen. Dieses Material bietet die absolut h\u00f6chste Elastizit\u00e4t unter allen bekannten, nat\u00fcrlichen Materialien und besitzt<br \/>\nausgezeichnete antiallergische und antibakterielle Eigenschaften.<br \/>\nWaterlily Memory Foam passt sich durch die thermische Aktion perfekt dem K\u00f6rper an und vermittelt das Gef\u00fchl, auf einer Wolke zu liegen. Grundlegendes Merkmal ist die nat\u00fcrliche F\u00e4higkeit, nach einer Druck- oder Streckbelastung augenblicklich wieder die urspr\u00fcngliche Form anzunehmen.<br \/>\nAus diesem Grund handelt es sich um den best geeigneten Rohstoff f\u00fcr die Herstellung von ergo-anatomischen Matratzen.<\/p>\n<p style=\"text-align: justify;\">Dieses System gestattet sowohl auf Latex wie auf Memory Foam zu schlafen und gibt folglich die M\u00f6glichkeit zwei Produkte in einem zu besitzen. Die Formgebung des Latex-Kerns erfolgt durch Schneidpressen, danach wird dieser mit einem ersten, mittels Rei\u00dfverschluss abziehbaren Jersey-Tuch aus Baumwolle umh\u00fcllt.<\/p>\n<p style=\"text-align: justify;\">Der letzte Schliff mit Memory Foam von hoher Dichte vollendet das Werk. Der \u00dcberzug der Matratze besteht aus Gewebe mit hohem Anteil an Bamboo-Fasern und kann problemlos mit Wasser gewaschen werden.<\/p>\n<p>[\/vc_column_text][\/vc_column][vc_column width=&#8221;1\/2&#8243;][vc_images_carousel images=&#8221;2643&#8243; img_size=&#8221;full&#8221; speed=&#8221;3000&#8243; autoplay=&#8221;yes&#8221; hide_pagination_control=&#8221;yes&#8221; css=&#8221;.vc_custom_1466513035873{margin-bottom: 0px !important;}&#8221;][vc_row_inner css=&#8221;.vc_custom_1465202995645{margin-top: 30px !important;margin-bottom: 30px !important;}&#8221;][vc_column_inner width=&#8221;1\/2&#8243;]<div class=\"smile_icon_list_wrap ult-adjust-bottom-margin  \"><ul class=\"smile_icon_list left square with_bg\"><li class=\"icon_list_item\" style=\" font-size:72px;\"><div class=\"icon_list_icon\" data-animation=\"\" data-animation-delay=\"03\" style=\"font-size:24px;border-width:1px;border-style:none;background:#ffffff;color:#333333;border-color:#333333;\"><img decoding=\"async\" class=\"list-img-icon\" alt=\"null\" src=\"http:\/\/greenflex.it\/wp-content\/uploads\/2016\/03\/lastra-memory-icona.png\"\/><\/div><div class=\"icon_description\" id=\"Info-list-wrap-7619\"><div class=\"icon_description_text ult-responsive\"  data-ultimate-target='#Info-list-wrap-7619 .icon_description_text'  data-responsive-json-new='{\"font-size\":\"desktop:13px;\",\"line-height\":\"desktop:18px;\"}'  style=\"\"><p>Kern aus nat\u00fcrlichem Latex mit 7 Liegezonen 16 \/ 18 cm + 4 cm Memory Foam<\/p>\n<\/div><\/div><div class=\"icon_list_connector\"  style=\"border-color:#333333;\"><\/div><\/li><\/ul><\/div>[\/vc_column_inner][vc_column_inner width=&#8221;1\/2&#8243;]<div class=\"smile_icon_list_wrap ult-adjust-bottom-margin  \"><ul class=\"smile_icon_list left square with_bg\"><li class=\"icon_list_item\" style=\" font-size:72px;\"><div class=\"icon_list_icon\" data-animation=\"\" data-animation-delay=\"03\" style=\"font-size:24px;border-width:1px;border-style:none;background:#ffffff;color:#333333;border-color:#333333;\"><img decoding=\"async\" class=\"list-img-icon\" alt=\"null\" src=\"http:\/\/greenflex.it\/wp-content\/uploads\/2016\/03\/anallergico-icona.png\"\/><\/div><div class=\"icon_description\" id=\"Info-list-wrap-1229\"><div class=\"icon_description_text ult-responsive\"  data-ultimate-target='#Info-list-wrap-1229 .icon_description_text'  data-responsive-json-new='{\"font-size\":\"desktop:13px;\",\"line-height\":\"desktop:18px;\"}'  style=\"\"><p>Antiallergisch<\/p>\n<\/div><\/div><div class=\"icon_list_connector\"  style=\"border-color:#333333;\"><\/div><\/li><\/ul><\/div>[\/vc_column_inner][\/vc_row_inner][vc_row_inner css=&#8221;.vc_custom_1465203006062{margin-top: 30px !important;margin-bottom: 30px !important;}&#8221;][vc_column_inner width=&#8221;1\/2&#8243;]<div class=\"smile_icon_list_wrap ult-adjust-bottom-margin  \"><ul class=\"smile_icon_list left square with_bg\"><li class=\"icon_list_item\" style=\" font-size:72px;\"><div class=\"icon_list_icon\" data-animation=\"\" data-animation-delay=\"03\" style=\"font-size:24px;border-width:1px;border-style:none;background:#ffffff;color:#333333;border-color:#333333;\"><img decoding=\"async\" class=\"list-img-icon\" alt=\"null\" src=\"http:\/\/greenflex.it\/wp-content\/uploads\/2016\/03\/rivestimento-icona.png\"\/><\/div><div class=\"icon_description\" id=\"Info-list-wrap-4282\"><div class=\"icon_description_text ult-responsive\"  data-ultimate-target='#Info-list-wrap-4282 .icon_description_text'  data-responsive-json-new='{\"font-size\":\"desktop:13px;\",\"line-height\":\"desktop:18px;\"}'  style=\"\"><p>\u00c4u\u00dferer Textil\u00fcberzug mit Bamboo &#8211; Fasern und Elastan<\/p>\n<\/div><\/div><div class=\"icon_list_connector\"  style=\"border-color:#333333;\"><\/div><\/li><\/ul><\/div>[\/vc_column_inner][vc_column_inner width=&#8221;1\/2&#8243;]<div class=\"smile_icon_list_wrap ult-adjust-bottom-margin  \"><ul class=\"smile_icon_list left square with_bg\"><li class=\"icon_list_item\" style=\" font-size:72px;\"><div class=\"icon_list_icon\" data-animation=\"\" data-animation-delay=\"03\" style=\"font-size:24px;border-width:1px;border-style:none;background:#ffffff;color:#333333;border-color:#333333;\"><img decoding=\"async\" class=\"list-img-icon\" alt=\"null\" src=\"http:\/\/greenflex.it\/wp-content\/uploads\/2016\/03\/traspirante-icona.png\"\/><\/div><div class=\"icon_description\" id=\"Info-list-wrap-1790\"><div class=\"icon_description_text ult-responsive\"  data-ultimate-target='#Info-list-wrap-1790 .icon_description_text'  data-responsive-json-new='{\"font-size\":\"desktop:13px;\",\"line-height\":\"desktop:18px;\"}'  style=\"\"><p>Atmungsaktiv<\/p>\n<\/div><\/div><div class=\"icon_list_connector\"  style=\"border-color:#333333;\"><\/div><\/li><\/ul><\/div>[\/vc_column_inner][\/vc_row_inner][vc_row_inner css=&#8221;.vc_custom_1465203018242{margin-top: 30px !important;margin-bottom: 30px !important;}&#8221;][vc_column_inner width=&#8221;1\/2&#8243;]<div class=\"smile_icon_list_wrap ult-adjust-bottom-margin  \"><ul class=\"smile_icon_list left square with_bg\"><li class=\"icon_list_item\" style=\" font-size:72px;\"><div class=\"icon_list_icon\" data-animation=\"\" data-animation-delay=\"03\" style=\"font-size:24px;border-width:1px;border-style:none;background:#ffffff;color:#333333;border-color:#333333;\"><img decoding=\"async\" class=\"list-img-icon\" alt=\"null\" src=\"http:\/\/greenflex.it\/wp-content\/uploads\/2016\/03\/sfoderabile-icona.png\"\/><\/div><div class=\"icon_description\" id=\"Info-list-wrap-1883\"><div class=\"icon_description_text ult-responsive\"  data-ultimate-target='#Info-list-wrap-1883 .icon_description_text'  data-responsive-json-new='{\"font-size\":\"desktop:13px;\",\"line-height\":\"desktop:18px;\"}'  style=\"\"><p>\u00dcberzug vom gesamten Umfang abziehbar<\/p>\n<\/div><\/div><div class=\"icon_list_connector\"  style=\"border-color:#333333;\"><\/div><\/li><\/ul><\/div>[\/vc_column_inner][vc_column_inner width=&#8221;1\/2&#8243;]<div class=\"smile_icon_list_wrap ult-adjust-bottom-margin  \"><ul class=\"smile_icon_list left square with_bg\"><li class=\"icon_list_item\" style=\" font-size:72px;\"><div class=\"icon_list_icon\" data-animation=\"\" data-animation-delay=\"03\" style=\"font-size:24px;border-width:1px;border-style:none;background:#ffffff;color:#333333;border-color:#333333;\"><img decoding=\"async\" class=\"list-img-icon\" alt=\"null\" src=\"http:\/\/greenflex.it\/wp-content\/uploads\/2016\/03\/flessibile-icona.png\"\/><\/div><div class=\"icon_description\" id=\"Info-list-wrap-6590\"><div class=\"icon_description_text ult-responsive\"  data-ultimate-target='#Info-list-wrap-6590 .icon_description_text'  data-responsive-json-new='{\"font-size\":\"desktop:13px;\",\"line-height\":\"desktop:18px;\"}'  style=\"\"><p>Flexibel<\/p>\n<\/div><\/div><div class=\"icon_list_connector\"  style=\"border-color:#333333;\"><\/div><\/li><\/ul><\/div>[\/vc_column_inner][\/vc_row_inner][vc_row_inner css=&#8221;.vc_custom_1465203028690{margin-top: 30px !important;margin-bottom: 30px !important;}&#8221;][vc_column_inner width=&#8221;1\/2&#8243;]<div class=\"smile_icon_list_wrap ult-adjust-bottom-margin  \"><ul class=\"smile_icon_list left square with_bg\"><li class=\"icon_list_item\" style=\" font-size:72px;\"><div class=\"icon_list_icon\" data-animation=\"\" data-animation-delay=\"03\" style=\"font-size:24px;border-width:1px;border-style:none;background:#ffffff;color:#333333;border-color:#333333;\"><img decoding=\"async\" class=\"list-img-icon\" alt=\"null\" src=\"http:\/\/greenflex.it\/wp-content\/uploads\/2016\/03\/antiacaro-icona.png\"\/><\/div><div class=\"icon_description\" id=\"Info-list-wrap-5931\"><div class=\"icon_description_text ult-responsive\"  data-ultimate-target='#Info-list-wrap-5931 .icon_description_text'  data-responsive-json-new='{\"font-size\":\"desktop:13px;\",\"line-height\":\"desktop:18px;\"}'  style=\"\"><p>Anti-Milben<\/p>\n<\/div><\/div><div class=\"icon_list_connector\"  style=\"border-color:#333333;\"><\/div><\/li><\/ul><\/div>[\/vc_column_inner][vc_column_inner width=&#8221;1\/2&#8243;]<div class=\"smile_icon_list_wrap ult-adjust-bottom-margin  \"><ul class=\"smile_icon_list left square with_bg\"><li class=\"icon_list_item\" style=\" font-size:72px;\"><div class=\"icon_list_icon\" data-animation=\"\" data-animation-delay=\"03\" style=\"font-size:24px;border-width:1px;border-style:none;background:#ffffff;color:#333333;border-color:#333333;\"><img decoding=\"async\" class=\"list-img-icon\" alt=\"null\" src=\"http:\/\/greenflex.it\/wp-content\/uploads\/2016\/03\/portanza-icona.png\"\/><\/div><div class=\"icon_description\" id=\"Info-list-wrap-2126\"><div class=\"icon_description_text ult-responsive\"  data-ultimate-target='#Info-list-wrap-2126 .icon_description_text'  data-responsive-json-new='{\"font-size\":\"desktop:13px;\",\"line-height\":\"desktop:18px;\"}'  style=\"\"><p>Differenzierte St\u00fctzf\u00e4higkeit<\/p>\n<\/div><\/div><div class=\"icon_list_connector\"  style=\"border-color:#333333;\"><\/div><\/li><\/ul><\/div>[\/vc_column_inner][\/vc_row_inner][vc_row_inner css=&#8221;.vc_custom_1465203038266{margin-top: 30px !important;margin-bottom: 30px !important;}&#8221;][vc_column_inner width=&#8221;1\/2&#8243;]<div class=\"smile_icon_list_wrap ult-adjust-bottom-margin  \"><ul class=\"smile_icon_list left square with_bg\"><li class=\"icon_list_item\" style=\" font-size:72px;\"><div class=\"icon_list_icon\" data-animation=\"\" data-animation-delay=\"03\" style=\"font-size:24px;border-width:1px;border-style:none;background:#ffffff;color:#333333;border-color:#333333;\"><img decoding=\"async\" class=\"list-img-icon\" alt=\"null\" src=\"http:\/\/greenflex.it\/wp-content\/uploads\/2016\/03\/climatizzato-icona.png\"\/><\/div><div class=\"icon_description\" id=\"Info-list-wrap-7587\"><div class=\"icon_description_text ult-responsive\"  data-ultimate-target='#Info-list-wrap-7587 .icon_description_text'  data-responsive-json-new='{\"font-size\":\"desktop:13px;\",\"line-height\":\"desktop:18px;\"}'  style=\"\"><p>Klimatisiert<\/p>\n<\/div><\/div><div class=\"icon_list_connector\"  style=\"border-color:#333333;\"><\/div><\/li><\/ul><\/div>[\/vc_column_inner][vc_column_inner width=&#8221;1\/2&#8243;]<div class=\"smile_icon_list_wrap ult-adjust-bottom-margin  \"><ul class=\"smile_icon_list left square with_bg\"><li class=\"icon_list_item\" style=\" font-size:72px;\"><div class=\"icon_list_icon\" data-animation=\"\" data-animation-delay=\"03\" style=\"font-size:24px;border-width:1px;border-style:none;background:#ffffff;color:#333333;border-color:#333333;\"><img decoding=\"async\" class=\"list-img-icon\" alt=\"null\" src=\"http:\/\/greenflex.it\/wp-content\/uploads\/2016\/03\/rete-doga-icona.png\"\/><\/div><div class=\"icon_description\" id=\"Info-list-wrap-6974\"><div class=\"icon_description_text ult-responsive\"  data-ultimate-target='#Info-list-wrap-6974 .icon_description_text'  data-responsive-json-new='{\"font-size\":\"desktop:13px;\",\"line-height\":\"desktop:18px;\"}'  style=\"\"><p>Lattenrost verwenden<\/p>\n<\/div><\/div><div class=\"icon_list_connector\"  style=\"border-color:#333333;\"><\/div><\/li><\/ul><\/div>[\/vc_column_inner][\/vc_row_inner][vc_btn title=&#8221;Laden Sie hier das Datenblatt herunter! &#8221; shape=&#8221;square&#8221; color=&#8221;black&#8221; size=&#8221;xs&#8221; align=&#8221;right&#8221; i_icon_fontawesome=&#8221;fa fa-file-pdf-o&#8221; link=&#8221;url:http%3A%2F%2Fwww.greenflex.it%2Fwp-content%2Fuploads%2F2016%2F09%2Fcaravaggio_ger.pdf||target:%20_blank&#8221; add_icon=&#8221;true&#8221; css=&#8221;.vc_custom_1473745586510{margin-top: 30px !important;margin-bottom: 0px !important;}&#8221;][\/vc_column][\/vc_row]<\/p>\n","protected":false},"excerpt":{"rendered":"<p>[vc_row][vc_column width=&#8221;1\/2&#8243;][vc_custom_heading text=&#8221;Matratze Caravaggio Memolat&#8221; use_theme_fonts=&#8221;yes&#8221; css=&#8221;.vc_custom_1466511247062{margin-bottom: 20px !important;}&#8221;][vc_column_text css=&#8221;.vc_custom_1465562614872{margin-bottom: 0px !important;}&#8221;] CARAVAGGIO mit 7 differenzierten Liegezonen aus einer meisterhaften Mischung von Memory Foam Materialien und 100% nat\u00fcrlichem Latex bildet ein wirklich einzigartiges Binom. Besonders geeignet f\u00fcr Personen die es sch\u00e4tzen, auf einem m\u00f6glichst nat\u00fcrlichen und \u00e4u\u00dfert bequemen Bett zu ruhen. Latex ist eine komplexe [&hellip;]<\/p>\n","protected":false},"author":1,"featured_media":0,"parent":1777,"menu_order":0,"comment_status":"closed","ping_status":"open","template":"","meta":{"footnotes":""},"class_list":["post-1819","page","type-page","status-publish","hentry"],"_links":{"self":[{"href":"http:\/\/greenflex.it\/de\/wp-json\/wp\/v2\/pages\/1819","targetHints":{"allow":["GET"]}}],"collection":[{"href":"http:\/\/greenflex.it\/de\/wp-json\/wp\/v2\/pages"}],"about":[{"href":"http:\/\/greenflex.it\/de\/wp-json\/wp\/v2\/types\/page"}],"author":[{"embeddable":true,"href":"http:\/\/greenflex.it\/de\/wp-json\/wp\/v2\/users\/1"}],"replies":[{"embeddable":true,"href":"http:\/\/greenflex.it\/de\/wp-json\/wp\/v2\/comments?post=1819"}],"version-history":[{"count":8,"href":"http:\/\/greenflex.it\/de\/wp-json\/wp\/v2\/pages\/1819\/revisions"}],"predecessor-version":[{"id":3246,"href":"http:\/\/greenflex.it\/de\/wp-json\/wp\/v2\/pages\/1819\/revisions\/3246"}],"up":[{"embeddable":true,"href":"http:\/\/greenflex.it\/de\/wp-json\/wp\/v2\/pages\/1777"}],"wp:attachment":[{"href":"http:\/\/greenflex.it\/de\/wp-json\/wp\/v2\/media?parent=1819"}],"curies":[{"name":"wp","href":"https:\/\/api.w.org\/{rel}","templated":true}]}}