{"id":1808,"date":"2016-01-29T05:06:13","date_gmt":"2016-01-29T04:06:13","guid":{"rendered":"http:\/\/www.greenflex.it\/de\/matratzen\/botticelli\/"},"modified":"2016-09-13T07:45:37","modified_gmt":"2016-09-13T05:45:37","slug":"botticelli","status":"publish","type":"page","link":"http:\/\/greenflex.it\/de\/matratzen\/botticelli\/","title":{"rendered":"Botticelli"},"content":{"rendered":"<p>[vc_row][vc_column width=&#8221;1\/2&#8243;][vc_custom_heading text=&#8221;Matratze Botticelli&#8221; use_theme_fonts=&#8221;yes&#8221; css=&#8221;.vc_custom_1466511190613{margin-bottom: 20px !important;}&#8221;][vc_column_text css=&#8221;.vc_custom_1465562066742{margin-bottom: 0px !important;}&#8221;]<\/p>\n<p style=\"text-align: justify;\">BOTTICELLI Double Memory ist das, nach sorgf\u00e4ltigen Laborproben erreichte Resultat einer optimalen und meisterhaften Mischung verschiedener Materialien. Die fortschrittliche technologische Forschung hat die Entwicklung eines Schaumstoffes wie Waterlily Viscoelastic erm\u00f6glicht.<\/p>\n<p style=\"text-align: justify;\">Dieses neue Waterlily Viscoelastic gestattet dank seiner Elastizit\u00e4t und der Zellenstruktur mit h\u00f6chster Atmungsaktivit\u00e4t:<\/p>\n<ul style=\"text-align: justify;\">\n<li>Die selbst\u00e4ndige Formanpassung auf Grund der K\u00f6rpertemperatur.<\/li>\n<li>Die Verbesserung der Atmungsaktivit\u00e4t und Entfernung der, durch den K\u00f6rper produzierten Feuchtigkeit.<\/li>\n<li>Die Aufnahme und allm\u00e4hliche, gleichm\u00e4\u00dfige und ausgeglichene Verteilung des K\u00f6rpergewichtes.<\/li>\n<li>Das Minimieren der Druckpunkte um einen hohen Nutzungskomfort zu erreichen.<\/li>\n<\/ul>\n<p style=\"text-align: justify;\">In Bezug auf bleibende Verformung und Rei\u00dfwidertand bietet Waterlily Viscoelastic die Eigenschaften der besten auf dem Markt vorhandenen Materialien, w\u00e4hrend der viskoelastische Effekt und die Atmungskapazit\u00e4t<br \/>\ndem Wettbewerb weit \u00fcberlegen sind. Das Herz der Matratze besteht aus einem undeformierbaren, hochwertigen Kern mit guter Atmungsaktivit\u00e4t der eine optimale St\u00fctzf\u00e4higkeit garantiert. Mit anderen Worten bedeutet dies Komfort und Zuverl\u00e4ssigkeit. Gesteppter Anti-Milben-Textil\u00fcberzug mit Elastan von besonders visuellem Effekt.<\/p>\n<p style=\"text-align: justify;\">Dieses Produkt gestattet beidseitig auf einem Memory Foam sehr hoher Qualit\u00e4t zu schlafen und bietet die M\u00f6glichkeit ein Bett h\u00f6chster Qualit\u00e4t zu besitzen. Durch die thermische Anpassung an die Konturen der Person hat jede Partie des K\u00f6rpers das Gef\u00fchl, auf einer Wolke zu liegen.<\/p>\n<p>[\/vc_column_text][\/vc_column][vc_column width=&#8221;1\/2&#8243;][vc_images_carousel images=&#8221;2642&#8243; img_size=&#8221;full&#8221; speed=&#8221;3000&#8243; autoplay=&#8221;yes&#8221; hide_pagination_control=&#8221;yes&#8221; css=&#8221;.vc_custom_1466512980821{margin-bottom: 0px !important;}&#8221;][vc_row_inner css=&#8221;.vc_custom_1465203439114{margin-top: 30px !important;margin-bottom: 30px !important;}&#8221;][vc_column_inner width=&#8221;1\/2&#8243;]<div class=\"smile_icon_list_wrap ult-adjust-bottom-margin  \"><ul class=\"smile_icon_list left square with_bg\"><li class=\"icon_list_item\" style=\" font-size:72px;\"><div class=\"icon_list_icon\" data-animation=\"\" data-animation-delay=\"03\" style=\"font-size:24px;border-width:1px;border-style:none;background:#ffffff;color:#333333;border-color:#333333;\"><img decoding=\"async\" class=\"list-img-icon\" alt=\"null\" src=\"http:\/\/greenflex.it\/wp-content\/uploads\/2016\/03\/lastra-memory-icona.png\"\/><\/div><div class=\"icon_description\" id=\"Info-list-wrap-8320\"><div class=\"icon_description_text ult-responsive\"  data-ultimate-target='#Info-list-wrap-8320 .icon_description_text'  data-responsive-json-new='{\"font-size\":\"desktop:13px;\",\"line-height\":\"desktop:18px;\"}'  style=\"\"><p>Kern aus Memory Foam Waterlily 20 cm<\/p>\n<\/div><\/div><div class=\"icon_list_connector\"  style=\"border-color:#333333;\"><\/div><\/li><\/ul><\/div>[\/vc_column_inner][vc_column_inner width=&#8221;1\/2&#8243;]<div class=\"smile_icon_list_wrap ult-adjust-bottom-margin  \"><ul class=\"smile_icon_list left square with_bg\"><li class=\"icon_list_item\" style=\" font-size:72px;\"><div class=\"icon_list_icon\" data-animation=\"\" data-animation-delay=\"03\" style=\"font-size:24px;border-width:1px;border-style:none;background:#ffffff;color:#333333;border-color:#333333;\"><img decoding=\"async\" class=\"list-img-icon\" alt=\"null\" src=\"http:\/\/greenflex.it\/wp-content\/uploads\/2016\/03\/anallergico-icona.png\"\/><\/div><div class=\"icon_description\" id=\"Info-list-wrap-5860\"><div class=\"icon_description_text ult-responsive\"  data-ultimate-target='#Info-list-wrap-5860 .icon_description_text'  data-responsive-json-new='{\"font-size\":\"desktop:13px;\",\"line-height\":\"desktop:18px;\"}'  style=\"\"><p>Antiallergisch<\/p>\n<\/div><\/div><div class=\"icon_list_connector\"  style=\"border-color:#333333;\"><\/div><\/li><\/ul><\/div>[\/vc_column_inner][\/vc_row_inner][vc_row_inner css=&#8221;.vc_custom_1465203447472{margin-top: 30px !important;margin-bottom: 30px !important;}&#8221;][vc_column_inner width=&#8221;1\/2&#8243;]<div class=\"smile_icon_list_wrap ult-adjust-bottom-margin  \"><ul class=\"smile_icon_list left square with_bg\"><li class=\"icon_list_item\" style=\" font-size:72px;\"><div class=\"icon_list_icon\" data-animation=\"\" data-animation-delay=\"03\" style=\"font-size:24px;border-width:1px;border-style:none;background:#ffffff;color:#333333;border-color:#333333;\"><img decoding=\"async\" class=\"list-img-icon\" alt=\"null\" src=\"http:\/\/greenflex.it\/wp-content\/uploads\/2016\/03\/rivestimento-icona.png\"\/><\/div><div class=\"icon_description\" id=\"Info-list-wrap-4764\"><div class=\"icon_description_text ult-responsive\"  data-ultimate-target='#Info-list-wrap-4764 .icon_description_text'  data-responsive-json-new='{\"font-size\":\"desktop:13px;\",\"line-height\":\"desktop:18px;\"}'  style=\"\"><p>Anti-Milben-Textil\u00fcberzug mit Elastan<\/p>\n<\/div><\/div><div class=\"icon_list_connector\"  style=\"border-color:#333333;\"><\/div><\/li><\/ul><\/div>[\/vc_column_inner][vc_column_inner width=&#8221;1\/2&#8243;]<div class=\"smile_icon_list_wrap ult-adjust-bottom-margin  \"><ul class=\"smile_icon_list left square with_bg\"><li class=\"icon_list_item\" style=\" font-size:72px;\"><div class=\"icon_list_icon\" data-animation=\"\" data-animation-delay=\"03\" style=\"font-size:24px;border-width:1px;border-style:none;background:#ffffff;color:#333333;border-color:#333333;\"><img decoding=\"async\" class=\"list-img-icon\" alt=\"null\" src=\"http:\/\/greenflex.it\/wp-content\/uploads\/2016\/03\/traspirante-icona.png\"\/><\/div><div class=\"icon_description\" id=\"Info-list-wrap-6864\"><div class=\"icon_description_text ult-responsive\"  data-ultimate-target='#Info-list-wrap-6864 .icon_description_text'  data-responsive-json-new='{\"font-size\":\"desktop:13px;\",\"line-height\":\"desktop:18px;\"}'  style=\"\"><p>Atmungsaktiv<\/p>\n<\/div><\/div><div class=\"icon_list_connector\"  style=\"border-color:#333333;\"><\/div><\/li><\/ul><\/div>[\/vc_column_inner][\/vc_row_inner][vc_row_inner css=&#8221;.vc_custom_1465203458328{margin-top: 30px !important;margin-bottom: 30px !important;}&#8221;][vc_column_inner width=&#8221;1\/2&#8243;]<div class=\"smile_icon_list_wrap ult-adjust-bottom-margin  \"><ul class=\"smile_icon_list left square with_bg\"><li class=\"icon_list_item\" style=\" font-size:72px;\"><div class=\"icon_list_icon\" data-animation=\"\" data-animation-delay=\"03\" style=\"font-size:24px;border-width:1px;border-style:none;background:#ffffff;color:#333333;border-color:#333333;\"><img decoding=\"async\" class=\"list-img-icon\" alt=\"null\" src=\"http:\/\/greenflex.it\/wp-content\/uploads\/2016\/03\/sfoderabile-icona.png\"\/><\/div><div class=\"icon_description\" id=\"Info-list-wrap-1797\"><div class=\"icon_description_text ult-responsive\"  data-ultimate-target='#Info-list-wrap-1797 .icon_description_text'  data-responsive-json-new='{\"font-size\":\"desktop:13px;\",\"line-height\":\"desktop:18px;\"}'  style=\"\"><p>Von der gesamten Oberfl\u00e4che abziehbarer \u00dcberzug<\/p>\n<\/div><\/div><div class=\"icon_list_connector\"  style=\"border-color:#333333;\"><\/div><\/li><\/ul><\/div>[\/vc_column_inner][vc_column_inner width=&#8221;1\/2&#8243;]<div class=\"smile_icon_list_wrap ult-adjust-bottom-margin  \"><ul class=\"smile_icon_list left square with_bg\"><li class=\"icon_list_item\" style=\" font-size:72px;\"><div class=\"icon_list_icon\" data-animation=\"\" data-animation-delay=\"03\" style=\"font-size:24px;border-width:1px;border-style:none;background:#ffffff;color:#333333;border-color:#333333;\"><img decoding=\"async\" class=\"list-img-icon\" alt=\"null\" src=\"http:\/\/greenflex.it\/wp-content\/uploads\/2016\/03\/flessibile-icona.png\"\/><\/div><div class=\"icon_description\" id=\"Info-list-wrap-5314\"><div class=\"icon_description_text ult-responsive\"  data-ultimate-target='#Info-list-wrap-5314 .icon_description_text'  data-responsive-json-new='{\"font-size\":\"desktop:13px;\",\"line-height\":\"desktop:18px;\"}'  style=\"\"><p>Flexibel<\/p>\n<\/div><\/div><div class=\"icon_list_connector\"  style=\"border-color:#333333;\"><\/div><\/li><\/ul><\/div>[\/vc_column_inner][\/vc_row_inner][vc_row_inner css=&#8221;.vc_custom_1465203469727{margin-top: 30px !important;margin-bottom: 30px !important;}&#8221;][vc_column_inner width=&#8221;1\/2&#8243;]<div class=\"smile_icon_list_wrap ult-adjust-bottom-margin  \"><ul class=\"smile_icon_list left square with_bg\"><li class=\"icon_list_item\" style=\" font-size:72px;\"><div class=\"icon_list_icon\" data-animation=\"\" data-animation-delay=\"03\" style=\"font-size:24px;border-width:1px;border-style:none;background:#ffffff;color:#333333;border-color:#333333;\"><img decoding=\"async\" class=\"list-img-icon\" alt=\"null\" src=\"http:\/\/greenflex.it\/wp-content\/uploads\/2016\/03\/antiacaro-icona.png\"\/><\/div><div class=\"icon_description\" id=\"Info-list-wrap-4665\"><div class=\"icon_description_text ult-responsive\"  data-ultimate-target='#Info-list-wrap-4665 .icon_description_text'  data-responsive-json-new='{\"font-size\":\"desktop:13px;\",\"line-height\":\"desktop:18px;\"}'  style=\"\"><p>Anti-Milben<\/p>\n<\/div><\/div><div class=\"icon_list_connector\"  style=\"border-color:#333333;\"><\/div><\/li><\/ul><\/div>[\/vc_column_inner][vc_column_inner width=&#8221;1\/2&#8243;]<div class=\"smile_icon_list_wrap ult-adjust-bottom-margin  \"><ul class=\"smile_icon_list left square with_bg\"><li class=\"icon_list_item\" style=\" font-size:72px;\"><div class=\"icon_list_icon\" data-animation=\"\" data-animation-delay=\"03\" style=\"font-size:24px;border-width:1px;border-style:none;background:#ffffff;color:#333333;border-color:#333333;\"><img decoding=\"async\" class=\"list-img-icon\" alt=\"null\" src=\"http:\/\/greenflex.it\/wp-content\/uploads\/2016\/03\/portanza-icona.png\"\/><\/div><div class=\"icon_description\" id=\"Info-list-wrap-1567\"><div class=\"icon_description_text ult-responsive\"  data-ultimate-target='#Info-list-wrap-1567 .icon_description_text'  data-responsive-json-new='{\"font-size\":\"desktop:13px;\",\"line-height\":\"desktop:18px;\"}'  style=\"\"><p>Differenzierte St\u00fctzf\u00e4higkeit<\/p>\n<\/div><\/div><div class=\"icon_list_connector\"  style=\"border-color:#333333;\"><\/div><\/li><\/ul><\/div>[\/vc_column_inner][\/vc_row_inner][vc_row_inner css=&#8221;.vc_custom_1465203477326{margin-top: 30px !important;margin-bottom: 30px !important;}&#8221;][vc_column_inner width=&#8221;1\/2&#8243;]<div class=\"smile_icon_list_wrap ult-adjust-bottom-margin  \"><ul class=\"smile_icon_list left square with_bg\"><li class=\"icon_list_item\" style=\" font-size:72px;\"><div class=\"icon_list_icon\" data-animation=\"\" data-animation-delay=\"03\" style=\"font-size:24px;border-width:1px;border-style:none;background:#ffffff;color:#333333;border-color:#333333;\"><img decoding=\"async\" class=\"list-img-icon\" alt=\"null\" src=\"http:\/\/greenflex.it\/wp-content\/uploads\/2016\/03\/climatizzato-icona.png\"\/><\/div><div class=\"icon_description\" id=\"Info-list-wrap-7119\"><div class=\"icon_description_text ult-responsive\"  data-ultimate-target='#Info-list-wrap-7119 .icon_description_text'  data-responsive-json-new='{\"font-size\":\"desktop:13px;\",\"line-height\":\"desktop:18px;\"}'  style=\"\"><p>Klimatisiert<\/p>\n<\/div><\/div><div class=\"icon_list_connector\"  style=\"border-color:#333333;\"><\/div><\/li><\/ul><\/div>[\/vc_column_inner][vc_column_inner width=&#8221;1\/2&#8243;]<div class=\"smile_icon_list_wrap ult-adjust-bottom-margin  \"><ul class=\"smile_icon_list left square with_bg\"><li class=\"icon_list_item\" style=\" font-size:72px;\"><div class=\"icon_list_icon\" data-animation=\"\" data-animation-delay=\"03\" style=\"font-size:24px;border-width:1px;border-style:none;background:#ffffff;color:#333333;border-color:#333333;\"><img decoding=\"async\" class=\"list-img-icon\" alt=\"null\" src=\"http:\/\/greenflex.it\/wp-content\/uploads\/2016\/03\/rete-doga-icona.png\"\/><\/div><div class=\"icon_description\" id=\"Info-list-wrap-1300\"><div class=\"icon_description_text ult-responsive\"  data-ultimate-target='#Info-list-wrap-1300 .icon_description_text'  data-responsive-json-new='{\"font-size\":\"desktop:13px;\",\"line-height\":\"desktop:18px;\"}'  style=\"\"><p>Lattenrost verwenden<\/p>\n<\/div><\/div><div class=\"icon_list_connector\"  style=\"border-color:#333333;\"><\/div><\/li><\/ul><\/div>[\/vc_column_inner][\/vc_row_inner][vc_btn title=&#8221;Laden Sie hier das Datenblatt herunter! &#8221; shape=&#8221;square&#8221; color=&#8221;black&#8221; size=&#8221;xs&#8221; align=&#8221;right&#8221; i_icon_fontawesome=&#8221;fa fa-file-pdf-o&#8221; link=&#8221;url:http%3A%2F%2Fwww.greenflex.it%2Fwp-content%2Fuploads%2F2016%2F09%2Fbotticelli_ger.pdf||target:%20_blank&#8221; add_icon=&#8221;true&#8221; css=&#8221;.vc_custom_1473745534074{margin-top: 30px !important;margin-bottom: 0px !important;}&#8221;][\/vc_column][\/vc_row]<\/p>\n","protected":false},"excerpt":{"rendered":"<p>[vc_row][vc_column width=&#8221;1\/2&#8243;][vc_custom_heading text=&#8221;Matratze Botticelli&#8221; use_theme_fonts=&#8221;yes&#8221; css=&#8221;.vc_custom_1466511190613{margin-bottom: 20px !important;}&#8221;][vc_column_text css=&#8221;.vc_custom_1465562066742{margin-bottom: 0px !important;}&#8221;] BOTTICELLI Double Memory ist das, nach sorgf\u00e4ltigen Laborproben erreichte Resultat einer optimalen und meisterhaften Mischung verschiedener Materialien. Die fortschrittliche technologische Forschung hat die Entwicklung eines Schaumstoffes wie Waterlily Viscoelastic erm\u00f6glicht. Dieses neue Waterlily Viscoelastic gestattet dank seiner Elastizit\u00e4t und der Zellenstruktur mit h\u00f6chster Atmungsaktivit\u00e4t: [&hellip;]<\/p>\n","protected":false},"author":1,"featured_media":0,"parent":1777,"menu_order":0,"comment_status":"closed","ping_status":"open","template":"","meta":{"footnotes":""},"class_list":["post-1808","page","type-page","status-publish","hentry"],"_links":{"self":[{"href":"http:\/\/greenflex.it\/de\/wp-json\/wp\/v2\/pages\/1808","targetHints":{"allow":["GET"]}}],"collection":[{"href":"http:\/\/greenflex.it\/de\/wp-json\/wp\/v2\/pages"}],"about":[{"href":"http:\/\/greenflex.it\/de\/wp-json\/wp\/v2\/types\/page"}],"author":[{"embeddable":true,"href":"http:\/\/greenflex.it\/de\/wp-json\/wp\/v2\/users\/1"}],"replies":[{"embeddable":true,"href":"http:\/\/greenflex.it\/de\/wp-json\/wp\/v2\/comments?post=1808"}],"version-history":[{"count":9,"href":"http:\/\/greenflex.it\/de\/wp-json\/wp\/v2\/pages\/1808\/revisions"}],"predecessor-version":[{"id":3245,"href":"http:\/\/greenflex.it\/de\/wp-json\/wp\/v2\/pages\/1808\/revisions\/3245"}],"up":[{"embeddable":true,"href":"http:\/\/greenflex.it\/de\/wp-json\/wp\/v2\/pages\/1777"}],"wp:attachment":[{"href":"http:\/\/greenflex.it\/de\/wp-json\/wp\/v2\/media?parent=1808"}],"curies":[{"name":"wp","href":"https:\/\/api.w.org\/{rel}","templated":true}]}}