{"id":1795,"date":"2016-01-29T05:14:23","date_gmt":"2016-01-29T04:14:23","guid":{"rendered":"http:\/\/www.greenflex.it\/de\/matratzen\/baby-lattice\/"},"modified":"2016-09-13T08:20:01","modified_gmt":"2016-09-13T06:20:01","slug":"latex-babymatratze","status":"publish","type":"page","link":"http:\/\/greenflex.it\/de\/matratzen\/latex-babymatratze\/","title":{"rendered":"Latex Babymatratze"},"content":{"rendered":"<p>[vc_row][vc_column width=&#8221;1\/2&#8243;][vc_custom_heading text=&#8221;Latex Babymatratze&#8221; use_theme_fonts=&#8221;yes&#8221; css=&#8221;.vc_custom_1466510900615{margin-bottom: 20px !important;}&#8221;][vc_column_text css=&#8221;.vc_custom_1465559692032{margin-bottom: 0px !important;}&#8221;]<\/p>\n<p style=\"text-align: justify;\">BABY mit Kern aus 100% nat\u00fcrlichem Latex und 7 differenzierten Liegezonen erweist sich dank dem revolution\u00e4rsten Rohstoff der Matratzen-Geschichte als ein Produkt auf h\u00f6chstem Niveau.<\/p>\n<p style=\"text-align: justify;\">Besonders geeignet f\u00fcr Eltern die es sch\u00e4tzen, wenn ihre Kinder auf m\u00f6glichst nat\u00fcrlichen und \u00e4u\u00dfert bequemen Betten ruhen. Latex ist eine komplexe Emulsion die je nach Art und Standort der Kautschuk-B\u00e4ume welche diesen Rohstoff ausscheiden, unterschiedliche Eigenschaften hat. Die besten und hochwertigsten Qualit\u00e4ten von nat\u00fcrlichem Latex werden aus der, in den tropischen W\u00e4ldern Asiens wachsenden Hevea brasiliensis gewonnen. Dieses Material bietet die absolut h\u00f6chste Elastizit\u00e4t unter allen bekannten, nat\u00fcrlichen Materialien und besitzt ausgezeichnete antiallergische und antibakterielle Eigenschaften.<\/p>\n<p style=\"text-align: justify;\">Grundlegendes Merkmal ist die nat\u00fcrliche F\u00e4higkeit, nach einer Druck- oder<br \/>\nStreckbelastung augenblicklich wieder die urspr\u00fcngliche Form anzunehmen.<br \/>\nAus diesem Grund handelt es sich um den best geeigneten Rohstoff f\u00fcr die Herstellung von ergo-anatomischen Matratzen.<br \/>\nDie Formgebung des Latex-Kerns erfolgt durch Schneidpressen, danach wird dieser mit einem ersten, mittels Rei\u00dfverschluss abziehbaren Jersey-Tuch aus Baumwolle umh\u00fcllt.<\/p>\n<p style=\"text-align: justify;\">Der \u00dcberzug der Matratze besteht aus antibakteriellem Anti-Milben-Textil, weicher Watte und innerem Trikotgewebe; diese H\u00fclle kann folglich bequem mit Wasser gewaschen werden.<\/p>\n<p>[\/vc_column_text][\/vc_column][vc_column width=&#8221;1\/2&#8243;][vc_images_carousel images=&#8221;2639&#8243; img_size=&#8221;full&#8221; speed=&#8221;3000&#8243; autoplay=&#8221;yes&#8221; hide_pagination_control=&#8221;yes&#8221; css=&#8221;.vc_custom_1466513598330{margin-bottom: 0px !important;}&#8221;][vc_row_inner css=&#8221;.vc_custom_1465203222345{margin-top: 30px !important;margin-bottom: 30px !important;}&#8221;][vc_column_inner width=&#8221;1\/2&#8243;]<div class=\"smile_icon_list_wrap ult-adjust-bottom-margin  \"><ul class=\"smile_icon_list left square with_bg\"><li class=\"icon_list_item\" style=\" font-size:72px;\"><div class=\"icon_list_icon\" data-animation=\"\" data-animation-delay=\"03\" style=\"font-size:24px;border-width:1px;border-style:none;background:#ffffff;color:#333333;border-color:#333333;\"><img decoding=\"async\" class=\"list-img-icon\" alt=\"null\" src=\"http:\/\/greenflex.it\/wp-content\/uploads\/2016\/03\/lastra-memory-icona.png\"\/><\/div><div class=\"icon_description\" id=\"Info-list-wrap-1062\"><div class=\"icon_description_text ult-responsive\"  data-ultimate-target='#Info-list-wrap-1062 .icon_description_text'  data-responsive-json-new='{\"font-size\":\"desktop:13px;\",\"line-height\":\"desktop:18px;\"}'  style=\"\"><p>Kern aus nat\u00fcrlichem Latex mit 7 Liegezonen 10\/12 cm<\/p>\n<\/div><\/div><div class=\"icon_list_connector\"  style=\"border-color:#333333;\"><\/div><\/li><\/ul><\/div>[\/vc_column_inner][vc_column_inner width=&#8221;1\/2&#8243;]<div class=\"smile_icon_list_wrap ult-adjust-bottom-margin  \"><ul class=\"smile_icon_list left square with_bg\"><li class=\"icon_list_item\" style=\" font-size:72px;\"><div class=\"icon_list_icon\" data-animation=\"\" data-animation-delay=\"03\" style=\"font-size:24px;border-width:1px;border-style:none;background:#ffffff;color:#333333;border-color:#333333;\"><img decoding=\"async\" class=\"list-img-icon\" alt=\"null\" src=\"http:\/\/greenflex.it\/wp-content\/uploads\/2016\/03\/anallergico-icona.png\"\/><\/div><div class=\"icon_description\" id=\"Info-list-wrap-6900\"><div class=\"icon_description_text ult-responsive\"  data-ultimate-target='#Info-list-wrap-6900 .icon_description_text'  data-responsive-json-new='{\"font-size\":\"desktop:13px;\",\"line-height\":\"desktop:18px;\"}'  style=\"\"><p>Antiallergisch<\/p>\n<\/div><\/div><div class=\"icon_list_connector\"  style=\"border-color:#333333;\"><\/div><\/li><\/ul><\/div>[\/vc_column_inner][\/vc_row_inner][vc_row_inner css=&#8221;.vc_custom_1465203230853{margin-top: 30px !important;margin-bottom: 30px !important;}&#8221;][vc_column_inner width=&#8221;1\/2&#8243;]<div class=\"smile_icon_list_wrap ult-adjust-bottom-margin  \"><ul class=\"smile_icon_list left square with_bg\"><li class=\"icon_list_item\" style=\" font-size:72px;\"><div class=\"icon_list_icon\" data-animation=\"\" data-animation-delay=\"03\" style=\"font-size:24px;border-width:1px;border-style:none;background:#ffffff;color:#333333;border-color:#333333;\"><img decoding=\"async\" class=\"list-img-icon\" alt=\"null\" src=\"http:\/\/greenflex.it\/wp-content\/uploads\/2016\/02\/rivestimento-icona.png\"\/><\/div><div class=\"icon_description\" id=\"Info-list-wrap-8355\"><div class=\"icon_description_text ult-responsive\"  data-ultimate-target='#Info-list-wrap-8355 .icon_description_text'  data-responsive-json-new='{\"font-size\":\"desktop:13px;\",\"line-height\":\"desktop:18px;\"}'  style=\"\"><p>\u00c4u\u00dferer Textil\u00fcberzug &#8220;baby-bedding&#8221;<\/p>\n<\/div><\/div><div class=\"icon_list_connector\"  style=\"border-color:#333333;\"><\/div><\/li><\/ul><\/div>[\/vc_column_inner][vc_column_inner width=&#8221;1\/2&#8243;]<div class=\"smile_icon_list_wrap ult-adjust-bottom-margin  \"><ul class=\"smile_icon_list left square with_bg\"><li class=\"icon_list_item\" style=\" font-size:72px;\"><div class=\"icon_list_icon\" data-animation=\"\" data-animation-delay=\"03\" style=\"font-size:24px;border-width:1px;border-style:none;background:#ffffff;color:#333333;border-color:#333333;\"><img decoding=\"async\" class=\"list-img-icon\" alt=\"null\" src=\"http:\/\/greenflex.it\/wp-content\/uploads\/2016\/03\/traspirante-icona.png\"\/><\/div><div class=\"icon_description\" id=\"Info-list-wrap-4175\"><div class=\"icon_description_text ult-responsive\"  data-ultimate-target='#Info-list-wrap-4175 .icon_description_text'  data-responsive-json-new='{\"font-size\":\"desktop:13px;\",\"line-height\":\"desktop:18px;\"}'  style=\"\"><p>Atmungsaktiv<\/p>\n<\/div><\/div><div class=\"icon_list_connector\"  style=\"border-color:#333333;\"><\/div><\/li><\/ul><\/div>[\/vc_column_inner][\/vc_row_inner][vc_row_inner css=&#8221;.vc_custom_1465203240205{margin-top: 30px !important;margin-bottom: 30px !important;}&#8221;][vc_column_inner width=&#8221;1\/2&#8243;]<div class=\"smile_icon_list_wrap ult-adjust-bottom-margin  \"><ul class=\"smile_icon_list left square with_bg\"><li class=\"icon_list_item\" style=\" font-size:72px;\"><div class=\"icon_list_icon\" data-animation=\"\" data-animation-delay=\"03\" style=\"font-size:24px;border-width:1px;border-style:none;background:#ffffff;color:#333333;border-color:#333333;\"><img decoding=\"async\" class=\"list-img-icon\" alt=\"null\" src=\"http:\/\/greenflex.it\/wp-content\/uploads\/2016\/03\/sfoderabile-icona.png\"\/><\/div><div class=\"icon_description\" id=\"Info-list-wrap-6359\"><div class=\"icon_description_text ult-responsive\"  data-ultimate-target='#Info-list-wrap-6359 .icon_description_text'  data-responsive-json-new='{\"font-size\":\"desktop:13px;\",\"line-height\":\"desktop:18px;\"}'  style=\"\"><p>Abziehbarer \u00dcberzug<\/p>\n<\/div><\/div><div class=\"icon_list_connector\"  style=\"border-color:#333333;\"><\/div><\/li><\/ul><\/div>[\/vc_column_inner][vc_column_inner width=&#8221;1\/2&#8243;]<div class=\"smile_icon_list_wrap ult-adjust-bottom-margin  \"><ul class=\"smile_icon_list left square with_bg\"><li class=\"icon_list_item\" style=\" font-size:72px;\"><div class=\"icon_list_icon\" data-animation=\"\" data-animation-delay=\"03\" style=\"font-size:24px;border-width:1px;border-style:none;background:#ffffff;color:#333333;border-color:#333333;\"><img decoding=\"async\" class=\"list-img-icon\" alt=\"null\" src=\"http:\/\/greenflex.it\/wp-content\/uploads\/2016\/03\/flessibile-icona.png\"\/><\/div><div class=\"icon_description\" id=\"Info-list-wrap-9944\"><div class=\"icon_description_text ult-responsive\"  data-ultimate-target='#Info-list-wrap-9944 .icon_description_text'  data-responsive-json-new='{\"font-size\":\"desktop:13px;\",\"line-height\":\"desktop:18px;\"}'  style=\"\"><p>Flexibel<\/p>\n<\/div><\/div><div class=\"icon_list_connector\"  style=\"border-color:#333333;\"><\/div><\/li><\/ul><\/div>[\/vc_column_inner][\/vc_row_inner][vc_row_inner css=&#8221;.vc_custom_1465203248341{margin-top: 30px !important;margin-bottom: 30px !important;}&#8221;][vc_column_inner width=&#8221;1\/2&#8243;]<div class=\"smile_icon_list_wrap ult-adjust-bottom-margin  \"><ul class=\"smile_icon_list left square with_bg\"><li class=\"icon_list_item\" style=\" font-size:72px;\"><div class=\"icon_list_icon\" data-animation=\"\" data-animation-delay=\"03\" style=\"font-size:24px;border-width:1px;border-style:none;background:#ffffff;color:#333333;border-color:#333333;\"><img decoding=\"async\" class=\"list-img-icon\" alt=\"null\" src=\"http:\/\/greenflex.it\/wp-content\/uploads\/2016\/03\/antiacaro-icona.png\"\/><\/div><div class=\"icon_description\" id=\"Info-list-wrap-4097\"><div class=\"icon_description_text ult-responsive\"  data-ultimate-target='#Info-list-wrap-4097 .icon_description_text'  data-responsive-json-new='{\"font-size\":\"desktop:13px;\",\"line-height\":\"desktop:18px;\"}'  style=\"\"><p>Anti-Milben<\/p>\n<\/div><\/div><div class=\"icon_list_connector\"  style=\"border-color:#333333;\"><\/div><\/li><\/ul><\/div>[\/vc_column_inner][vc_column_inner width=&#8221;1\/2&#8243;]<div class=\"smile_icon_list_wrap ult-adjust-bottom-margin  \"><ul class=\"smile_icon_list left square with_bg\"><li class=\"icon_list_item\" style=\" font-size:72px;\"><div class=\"icon_list_icon\" data-animation=\"\" data-animation-delay=\"03\" style=\"font-size:24px;border-width:1px;border-style:none;background:#ffffff;color:#333333;border-color:#333333;\"><img decoding=\"async\" class=\"list-img-icon\" alt=\"null\" src=\"http:\/\/greenflex.it\/wp-content\/uploads\/2016\/03\/portanza-icona.png\"\/><\/div><div class=\"icon_description\" id=\"Info-list-wrap-8981\"><div class=\"icon_description_text ult-responsive\"  data-ultimate-target='#Info-list-wrap-8981 .icon_description_text'  data-responsive-json-new='{\"font-size\":\"desktop:13px;\",\"line-height\":\"desktop:18px;\"}'  style=\"\"><p>Differenzierte St\u00fctzf\u00e4higkeit<\/p>\n<\/div><\/div><div class=\"icon_list_connector\"  style=\"border-color:#333333;\"><\/div><\/li><\/ul><\/div>[\/vc_column_inner][\/vc_row_inner][vc_row_inner css=&#8221;.vc_custom_1465203257101{margin-top: 30px !important;margin-bottom: 30px !important;}&#8221;][vc_column_inner width=&#8221;1\/2&#8243;]<div class=\"smile_icon_list_wrap ult-adjust-bottom-margin  \"><ul class=\"smile_icon_list left square with_bg\"><li class=\"icon_list_item\" style=\" font-size:72px;\"><div class=\"icon_list_icon\" data-animation=\"\" data-animation-delay=\"03\" style=\"font-size:24px;border-width:1px;border-style:none;background:#ffffff;color:#333333;border-color:#333333;\"><img decoding=\"async\" class=\"list-img-icon\" alt=\"null\" src=\"http:\/\/greenflex.it\/wp-content\/uploads\/2016\/03\/climatizzato-icona.png\"\/><\/div><div class=\"icon_description\" id=\"Info-list-wrap-8225\"><div class=\"icon_description_text ult-responsive\"  data-ultimate-target='#Info-list-wrap-8225 .icon_description_text'  data-responsive-json-new='{\"font-size\":\"desktop:13px;\",\"line-height\":\"desktop:18px;\"}'  style=\"\"><p>Klimatisiert<\/p>\n<\/div><\/div><div class=\"icon_list_connector\"  style=\"border-color:#333333;\"><\/div><\/li><\/ul><\/div>[\/vc_column_inner][vc_column_inner width=&#8221;1\/2&#8243;]<div class=\"smile_icon_list_wrap ult-adjust-bottom-margin  \"><ul class=\"smile_icon_list left square with_bg\"><li class=\"icon_list_item\" style=\" font-size:72px;\"><div class=\"icon_list_icon\" data-animation=\"\" data-animation-delay=\"03\" style=\"font-size:24px;border-width:1px;border-style:none;background:#ffffff;color:#333333;border-color:#333333;\"><img decoding=\"async\" class=\"list-img-icon\" alt=\"null\" src=\"http:\/\/greenflex.it\/wp-content\/uploads\/2016\/03\/rete-doga-icona.png\"\/><\/div><div class=\"icon_description\" id=\"Info-list-wrap-8729\"><div class=\"icon_description_text ult-responsive\"  data-ultimate-target='#Info-list-wrap-8729 .icon_description_text'  data-responsive-json-new='{\"font-size\":\"desktop:13px;\",\"line-height\":\"desktop:18px;\"}'  style=\"\"><p>Lattenrost verwenden<\/p>\n<\/div><\/div><div class=\"icon_list_connector\"  style=\"border-color:#333333;\"><\/div><\/li><\/ul><\/div>[\/vc_column_inner][\/vc_row_inner][vc_btn title=&#8221;Laden Sie hier das Datenblatt herunter! &#8221; shape=&#8221;square&#8221; color=&#8221;black&#8221; size=&#8221;xs&#8221; align=&#8221;right&#8221; i_icon_fontawesome=&#8221;fa fa-file-pdf-o&#8221; link=&#8221;url:http%3A%2F%2Fwww.greenflex.it%2Fwp-content%2Fuploads%2F2016%2F09%2Fbaby_lattice_ger.pdf||target:%20_blank&#8221; add_icon=&#8221;true&#8221; css=&#8221;.vc_custom_1473746004654{margin-top: 30px !important;margin-bottom: 0px !important;}&#8221;][\/vc_column][\/vc_row]<\/p>\n","protected":false},"excerpt":{"rendered":"<p>[vc_row][vc_column width=&#8221;1\/2&#8243;][vc_custom_heading text=&#8221;Latex Babymatratze&#8221; use_theme_fonts=&#8221;yes&#8221; css=&#8221;.vc_custom_1466510900615{margin-bottom: 20px !important;}&#8221;][vc_column_text css=&#8221;.vc_custom_1465559692032{margin-bottom: 0px !important;}&#8221;] BABY mit Kern aus 100% nat\u00fcrlichem Latex und 7 differenzierten Liegezonen erweist sich dank dem revolution\u00e4rsten Rohstoff der Matratzen-Geschichte als ein Produkt auf h\u00f6chstem Niveau. Besonders geeignet f\u00fcr Eltern die es sch\u00e4tzen, wenn ihre Kinder auf m\u00f6glichst nat\u00fcrlichen und \u00e4u\u00dfert bequemen Betten ruhen. Latex [&hellip;]<\/p>\n","protected":false},"author":1,"featured_media":0,"parent":1777,"menu_order":0,"comment_status":"closed","ping_status":"open","template":"","meta":{"footnotes":""},"class_list":["post-1795","page","type-page","status-publish","hentry"],"_links":{"self":[{"href":"http:\/\/greenflex.it\/de\/wp-json\/wp\/v2\/pages\/1795","targetHints":{"allow":["GET"]}}],"collection":[{"href":"http:\/\/greenflex.it\/de\/wp-json\/wp\/v2\/pages"}],"about":[{"href":"http:\/\/greenflex.it\/de\/wp-json\/wp\/v2\/types\/page"}],"author":[{"embeddable":true,"href":"http:\/\/greenflex.it\/de\/wp-json\/wp\/v2\/users\/1"}],"replies":[{"embeddable":true,"href":"http:\/\/greenflex.it\/de\/wp-json\/wp\/v2\/comments?post=1795"}],"version-history":[{"count":13,"href":"http:\/\/greenflex.it\/de\/wp-json\/wp\/v2\/pages\/1795\/revisions"}],"predecessor-version":[{"id":3264,"href":"http:\/\/greenflex.it\/de\/wp-json\/wp\/v2\/pages\/1795\/revisions\/3264"}],"up":[{"embeddable":true,"href":"http:\/\/greenflex.it\/de\/wp-json\/wp\/v2\/pages\/1777"}],"wp:attachment":[{"href":"http:\/\/greenflex.it\/de\/wp-json\/wp\/v2\/media?parent=1795"}],"curies":[{"name":"wp","href":"https:\/\/api.w.org\/{rel}","templated":true}]}}