{"id":1790,"date":"2015-12-08T18:04:20","date_gmt":"2015-12-08T18:04:20","guid":{"rendered":"http:\/\/www.greenflex.it\/de\/contatti\/"},"modified":"2022-12-15T18:32:46","modified_gmt":"2022-12-15T17:32:46","slug":"kontact","status":"publish","type":"page","link":"http:\/\/greenflex.it\/de\/kontact\/","title":{"rendered":"Kontakt"},"content":{"rendered":"<p>[vc_row full_width=&#8221;stretch_row_content_no_spaces&#8221; css=&#8221;.vc_custom_1449013522204{margin-top: -50px !important;margin-bottom: 40px !important;}&#8221;][vc_column]<iframe loading=\"lazy\" style=\"border: 0;\" src=\"https:\/\/www.google.com\/maps\/embed?pb=!1m18!1m12!1m3!1d2764.3314320553714!2d9.616378951174038!3d46.14414597901236!2m3!1f0!2f0!3f0!3m2!1i1024!2i768!4f13.1!3m3!1m2!1s0x4784749da5cad34b%3A0xa6542b57b16485f4!2sGreenflex+s.r.l.+Fabbrica+Materassi!5e0!3m2!1sit!2sit!4v1456295145039\" width=\"100%\" height=\"365\" frameborder=\"0\" allowfullscreen=\"allowfullscreen\"><\/iframe>[\/vc_column][\/vc_row][vc_row css=&#8221;.vc_custom_1449014401710{margin-bottom: 0px !important;}&#8221;][vc_column][vc_custom_heading text=&#8221;Kontakt Greenflex!&#8221; font_container=&#8221;tag:h3|font_size:35px|text_align:center&#8221; use_theme_fonts=&#8221;yes&#8221; css=&#8221;.vc_custom_1464945940593{margin-bottom: 20px !important;}&#8221;][vc_column_text css=&#8221;.vc_custom_1464945973268{margin-bottom: 40px !important;}&#8221;]F\u00fcllen Sie das untenstehende Formular aus. Unsere Mitarbeiter werden Sie innerhalb von 24 Stunden beantworten.[\/vc_column_text][vc_row_inner][vc_column_inner width=&#8221;2\/3&#8243;]\n<div class=\"wpcf7 no-js\" id=\"wpcf7-f2928-o1\" lang=\"it-IT\" dir=\"ltr\">\n<div class=\"screen-reader-response\"><p role=\"status\" aria-live=\"polite\" aria-atomic=\"true\"><\/p> <ul><\/ul><\/div>\n<form action=\"\/de\/wp-json\/wp\/v2\/pages\/1790#wpcf7-f2928-o1\" method=\"post\" class=\"wpcf7-form init\" aria-label=\"Contact form\" novalidate=\"novalidate\" data-status=\"init\">\n<div style=\"display: none;\">\n<input type=\"hidden\" name=\"_wpcf7\" value=\"2928\" \/>\n<input type=\"hidden\" name=\"_wpcf7_version\" value=\"5.7.3\" \/>\n<input type=\"hidden\" name=\"_wpcf7_locale\" value=\"it_IT\" \/>\n<input type=\"hidden\" name=\"_wpcf7_unit_tag\" value=\"wpcf7-f2928-o1\" \/>\n<input type=\"hidden\" name=\"_wpcf7_container_post\" value=\"0\" \/>\n<input type=\"hidden\" name=\"_wpcf7_posted_data_hash\" value=\"\" \/>\n<\/div>\n<p>Ihren Namen\n<\/p>\n<p><span class=\"wpcf7-form-control-wrap\" data-name=\"your-name\"><input size=\"40\" class=\"wpcf7-form-control wpcf7-text wpcf7-validates-as-required\" aria-required=\"true\" aria-invalid=\"false\" placeholder=\"Ihren Namen\" value=\"\" type=\"text\" name=\"your-name\" \/><\/span>\n<\/p>\n<p>Ihre E-Mail\n<\/p>\n<p><span class=\"wpcf7-form-control-wrap\" data-name=\"your-email\"><input size=\"40\" class=\"wpcf7-form-control wpcf7-text wpcf7-email wpcf7-validates-as-required wpcf7-validates-as-email\" aria-required=\"true\" aria-invalid=\"false\" placeholder=\"Ihre E-Mail\" value=\"\" type=\"email\" name=\"your-email\" \/><\/span>\n<\/p>\n<p>Objekt\n<\/p>\n<p><span class=\"wpcf7-form-control-wrap\" data-name=\"your-subject\"><input size=\"40\" class=\"wpcf7-form-control wpcf7-text\" aria-invalid=\"false\" placeholder=\"Objekt\" value=\"\" type=\"text\" name=\"your-subject\" \/><\/span>\n<\/p>\n<p>Nachricht\n<\/p>\n<p><span class=\"wpcf7-form-control-wrap\" data-name=\"your-message\"><textarea cols=\"40\" rows=\"10\" class=\"wpcf7-form-control wpcf7-textarea wpcf7-validates-as-required\" aria-required=\"true\" aria-invalid=\"false\" placeholder=\"Wie k\u00f6nnen wir helfen?\" name=\"your-message\"><\/textarea><\/span>\n<\/p>\n<p style=\"margin-bottom:0;\"><input class=\"wpcf7-form-control has-spinner wpcf7-submit\" type=\"submit\" value=\"Senden\" \/>\n<\/p><div class=\"wpcf7-response-output\" aria-hidden=\"true\"><\/div>\n<\/form>\n<\/div>\n[\/vc_column_inner][vc_column_inner width=&#8221;1\/3&#8243;][vc_custom_heading text=&#8221;Benoetigen Sie unsere Hilfe?&#8221; font_container=&#8221;tag:h3|font_size:25px|text_align:left&#8221; use_theme_fonts=&#8221;yes&#8221; css=&#8221;.vc_custom_1464946021681{margin-bottom: 20px !important;}&#8221;][vc_column_text]<i class=\"fa fa-building fa-fw\"><\/i>\u00a0\u00a0Via Stelvio 1762\/D \u2013 Talamona, Sondrio (SO)<br \/>\n<i class=\"fa fa-phone-square fa-fw\"><\/i>\u00a0\u00a0(+39) 0342\/67.30.17<br \/>\n<i class=\"fa fa-fax fa-fw\"><\/i>\u00a0\u00a0(+39) 0342\/67.33.67<br \/>\n<i class=\"fa fa-envelope-o fa-fw\"><\/i>\u00a0\u00a0<a href=\"mailto:info@greenflex.it\">info@greenflex.it<\/a>[\/vc_column_text][vc_custom_heading text=&#8221;Unsere Marke&#8221; font_container=&#8221;tag:h3|font_size:25px|text_align:left&#8221; use_theme_fonts=&#8221;yes&#8221; css=&#8221;.vc_custom_1464946035879{margin-bottom: 20px !important;}&#8221;][vc_column_text]In ihrem Bereich beweist Greenflex dass sie immer auf dem neusten Stand ist. Mit unserer Kreativit\u00e4t bringen wir dasganze Gesch\u00e4ftspotenzial zum Ausdruck und k\u00f6nnen so ein optimales Preis- Leistungsverh\u00e4ltnis f\u00fcr alle Linien anbieten.Greenflex Produkte erregen weiterhin in Italien und im Ausland gro\u00dfes Aufsehen.[\/vc_column_text][\/vc_column_inner][\/vc_row_inner][\/vc_column][\/vc_row]<\/p>\n","protected":false},"excerpt":{"rendered":"<p>[vc_row full_width=&#8221;stretch_row_content_no_spaces&#8221; css=&#8221;.vc_custom_1449013522204{margin-top: -50px !important;margin-bottom: 40px !important;}&#8221;][vc_column][\/vc_column][\/vc_row][vc_row css=&#8221;.vc_custom_1449014401710{margin-bottom: 0px !important;}&#8221;][vc_column][vc_custom_heading text=&#8221;Kontakt Greenflex!&#8221; font_container=&#8221;tag:h3|font_size:35px|text_align:center&#8221; use_theme_fonts=&#8221;yes&#8221; css=&#8221;.vc_custom_1464945940593{margin-bottom: 20px !important;}&#8221;][vc_column_text css=&#8221;.vc_custom_1464945973268{margin-bottom: 40px !important;}&#8221;]F\u00fcllen Sie das untenstehende Formular aus. Unsere Mitarbeiter werden Sie innerhalb von 24 Stunden beantworten.[\/vc_column_text][vc_row_inner][vc_column_inner width=&#8221;2\/3&#8243;][\/vc_column_inner][vc_column_inner width=&#8221;1\/3&#8243;][vc_custom_heading text=&#8221;Benoetigen Sie unsere Hilfe?&#8221; font_container=&#8221;tag:h3|font_size:25px|text_align:left&#8221; use_theme_fonts=&#8221;yes&#8221; css=&#8221;.vc_custom_1464946021681{margin-bottom: 20px !important;}&#8221;][vc_column_text]\u00a0\u00a0Via Stelvio 1762\/D \u2013 Talamona, Sondrio (SO) \u00a0\u00a0(+39) 0342\/67.30.17 \u00a0\u00a0(+39) 0342\/67.33.67 [&hellip;]<\/p>\n","protected":false},"author":1,"featured_media":0,"parent":0,"menu_order":0,"comment_status":"closed","ping_status":"closed","template":"","meta":{"footnotes":""},"class_list":["post-1790","page","type-page","status-publish","hentry"],"_links":{"self":[{"href":"http:\/\/greenflex.it\/de\/wp-json\/wp\/v2\/pages\/1790","targetHints":{"allow":["GET"]}}],"collection":[{"href":"http:\/\/greenflex.it\/de\/wp-json\/wp\/v2\/pages"}],"about":[{"href":"http:\/\/greenflex.it\/de\/wp-json\/wp\/v2\/types\/page"}],"author":[{"embeddable":true,"href":"http:\/\/greenflex.it\/de\/wp-json\/wp\/v2\/users\/1"}],"replies":[{"embeddable":true,"href":"http:\/\/greenflex.it\/de\/wp-json\/wp\/v2\/comments?post=1790"}],"version-history":[{"count":3,"href":"http:\/\/greenflex.it\/de\/wp-json\/wp\/v2\/pages\/1790\/revisions"}],"predecessor-version":[{"id":3399,"href":"http:\/\/greenflex.it\/de\/wp-json\/wp\/v2\/pages\/1790\/revisions\/3399"}],"wp:attachment":[{"href":"http:\/\/greenflex.it\/de\/wp-json\/wp\/v2\/media?parent=1790"}],"curies":[{"name":"wp","href":"https:\/\/api.w.org\/{rel}","templated":true}]}}