{"id":1774,"date":"2015-09-16T04:24:25","date_gmt":"2015-09-16T04:24:25","guid":{"rendered":"http:\/\/www.greenflex.it\/de\/azienda\/"},"modified":"2016-06-13T17:04:50","modified_gmt":"2016-06-13T15:04:50","slug":"unternehmen","status":"publish","type":"page","link":"http:\/\/greenflex.it\/de\/unternehmen\/","title":{"rendered":"Unternehmen"},"content":{"rendered":"<p>[vc_row][vc_column width=&#8221;1\/2&#8243; css=&#8221;.vc_custom_1453960601264{padding-right: 30px !important;}&#8221;][vc_custom_heading text=&#8221;Unsere Marke&#8221; use_theme_fonts=&#8221;yes&#8221; css=&#8221;.vc_custom_1464944024762{margin-bottom: 20px !important;}&#8221;][vc_column_text css=&#8221;.vc_custom_1465830263444{margin-bottom: 0px !important;}&#8221;]<\/p>\n<p style=\"text-align: justify;\">Das ist die Marke eines Unternehmens, dass in den ersten Jahren des neuen Jahrtausends gegr\u00fcndet wurde und heute eine konkrete Realit\u00e4t in Bezug auf Nat\u00fcrlichkeit und Besonderheit der Produkte ist.<\/p>\n<p style=\"text-align: justify;\">Die Verwendung der besten, nat\u00fcrlichen Rohstoffe und die Liebe zum Detail erm\u00f6glichen die maximale Qualit\u00e4t unserer Produkte und die Pers\u00f6nlichkeit dieser stets zum Ausdruck zu bringen. Die Verbindung von Rohstoffen und gutem Geschmack erlaubt unserem traditionellen Unternehmen immer mit der Zeit Schritt halten zu k\u00f6nnen.<\/p>\n<p style=\"text-align: justify;\">In ihrem Bereich beweist Greenflex dass sie immer auf dem neusten Stand ist. Mit unserer Kreativit\u00e4t bringen wir dasganze Gesch\u00e4ftspotenzial zum Ausdruck und k\u00f6nnen so ein optimales Preis- Leistungsverh\u00e4ltnis f\u00fcr alle Linien anbieten. Greenflex Produkte erregen weiterhin in Italien und im Ausland gro\u00dfes Aufsehen.<\/p>\n<p>[\/vc_column_text][\/vc_column][vc_column width=&#8221;1\/2&#8243; css=&#8221;.vc_custom_1453960607878{padding-left: 30px !important;}&#8221;][vc_single_image image=&#8221;1439&#8243; img_size=&#8221;full&#8221; css=&#8221;.vc_custom_1459843960563{margin-top: 50px !important;}&#8221;][\/vc_column][\/vc_row][vc_row css=&#8221;.vc_custom_1453698804431{margin-top: 50px !important;margin-bottom: 50px !important;}&#8221;][vc_column][vc_separator][\/vc_column][\/vc_row][vc_row][vc_column width=&#8221;1\/2&#8243; css=&#8221;.vc_custom_1453917086908{padding-right: 30px !important;}&#8221;][vc_single_image image=&#8221;819&#8243; img_size=&#8221;full&#8221; css=&#8221;.vc_custom_1457631529860{margin-bottom: 0px !important;}&#8221;][\/vc_column][vc_column width=&#8221;1\/2&#8243; css=&#8221;.vc_custom_1453917131143{padding-left: 30px !important;}&#8221;][vc_custom_heading text=&#8221;Der richtige Stil&#8221; font_container=&#8221;tag:h2|text_align:left|line_height:normal&#8221; use_theme_fonts=&#8221;yes&#8221; css=&#8221;.vc_custom_1464944074241{margin-bottom: 20px !important;}&#8221;][vc_column_text]<\/p>\n<p style=\"text-align: justify;\">Ein Stil der sich aus Geschmack und Kreativit\u00e4t zusammensetzt. Die Kulturgarantie des \u201eMade in Italy\u201c. Mit Verkaufspunkten in den besten Gesch\u00e4ften der Branche. Ein perfektes Vertriebsnetz sorgt f\u00fcr eine p\u00fcnktliche Lieferung unserer Produkte.<\/p>\n<p style=\"text-align: justify;\">In unserem Showroom k\u00f6nnen Sie alle von uns gefertigten Artikel sehen bzw. f\u00fchlen und Sie werden von der Eleganz und dem guten Geschmack beeindruckt sein.<\/p>\n<p style=\"text-align: justify;\">Willkommen in unserer Welt\u2026<\/p>\n<p>[\/vc_column_text][\/vc_column][\/vc_row]<\/p>\n","protected":false},"excerpt":{"rendered":"<p>[vc_row][vc_column width=&#8221;1\/2&#8243; css=&#8221;.vc_custom_1453960601264{padding-right: 30px !important;}&#8221;][vc_custom_heading text=&#8221;Unsere Marke&#8221; use_theme_fonts=&#8221;yes&#8221; css=&#8221;.vc_custom_1464944024762{margin-bottom: 20px !important;}&#8221;][vc_column_text css=&#8221;.vc_custom_1465830263444{margin-bottom: 0px !important;}&#8221;] Das ist die Marke eines Unternehmens, dass in den ersten Jahren des neuen Jahrtausends gegr\u00fcndet wurde und heute eine konkrete Realit\u00e4t in Bezug auf Nat\u00fcrlichkeit und Besonderheit der Produkte ist. Die Verwendung der besten, nat\u00fcrlichen Rohstoffe und die Liebe zum Detail [&hellip;]<\/p>\n","protected":false},"author":1,"featured_media":0,"parent":0,"menu_order":0,"comment_status":"closed","ping_status":"open","template":"","meta":{"footnotes":""},"class_list":["post-1774","page","type-page","status-publish","hentry"],"_links":{"self":[{"href":"http:\/\/greenflex.it\/de\/wp-json\/wp\/v2\/pages\/1774","targetHints":{"allow":["GET"]}}],"collection":[{"href":"http:\/\/greenflex.it\/de\/wp-json\/wp\/v2\/pages"}],"about":[{"href":"http:\/\/greenflex.it\/de\/wp-json\/wp\/v2\/types\/page"}],"author":[{"embeddable":true,"href":"http:\/\/greenflex.it\/de\/wp-json\/wp\/v2\/users\/1"}],"replies":[{"embeddable":true,"href":"http:\/\/greenflex.it\/de\/wp-json\/wp\/v2\/comments?post=1774"}],"version-history":[{"count":3,"href":"http:\/\/greenflex.it\/de\/wp-json\/wp\/v2\/pages\/1774\/revisions"}],"predecessor-version":[{"id":2079,"href":"http:\/\/greenflex.it\/de\/wp-json\/wp\/v2\/pages\/1774\/revisions\/2079"}],"wp:attachment":[{"href":"http:\/\/greenflex.it\/de\/wp-json\/wp\/v2\/media?parent=1774"}],"curies":[{"name":"wp","href":"https:\/\/api.w.org\/{rel}","templated":true}]}}