{"id":1770,"date":"2016-01-26T07:31:37","date_gmt":"2016-01-26T06:31:37","guid":{"rendered":"http:\/\/www.greenflex.it\/de\/home-2\/"},"modified":"2023-01-31T10:41:24","modified_gmt":"2023-01-31T09:41:24","slug":"home-2","status":"publish","type":"page","link":"http:\/\/greenflex.it\/de\/","title":{"rendered":"Home"},"content":{"rendered":"<p><!-- Inizio modifica immagine header --><\/p>\n<style>\n#page-title-pro {background-image: url(\"http:\/\/greenflex.it\/wp-content\/uploads\/2023\/01\/header_home.png\");}<\/style>\n<p><!-- Fine modifica immagine header --><br \/>\n[vc_row full_width=&#8221;stretch_row_content_no_spaces&#8221; css=&#8221;.vc_custom_1449608691067{margin-bottom: 0px !important;}&#8221;][vc_column css=&#8221;.vc_custom_1449590950112{margin-bottom: 0px !important;padding-bottom: 0px !important;}&#8221;][\/vc_column][\/vc_row][vc_row full_width=&#8221;stretch_row_content&#8221; css=&#8221;.vc_custom_1454014668254{margin-top: -35px !important;margin-bottom: 0px !important;padding-top: 50px !important;padding-bottom: 50px !important;}&#8221;][vc_column css=&#8221;.vc_custom_1453791121721{padding-top: 0px !important;}&#8221;][vc_custom_heading text=&#8221;Hohe Qualit\u00e4t \u201cMade in Italy\u201d&#8221; font_container=&#8221;tag:h3|font_size:38px|text_align:center|color:%23000000&#8243; use_theme_fonts=&#8221;yes&#8221; css=&#8221;.vc_custom_1464943319575{margin-bottom: 20px !important;}&#8221;][vc_custom_heading text=&#8221;In ihrem Bereich beweist Greenflex dass sie immer auf dem neusten Stand ist. Mit unserer Kreativit\u00e4t bringen wir dasganze Gesch\u00e4ftspotenzial zum Ausdruck und k\u00f6nnen so ein optimales Preis- Leistungsverh\u00e4ltnis f\u00fcr alle Linien anbieten. Greenflex Produkte erregen weiterhin in Italien und im Ausland gro\u00dfes Aufsehen.&#8221; font_container=&#8221;tag:div|text_align:center|color:%237f8186&#8243; use_theme_fonts=&#8221;yes&#8221; css=&#8221;.vc_custom_1464943355101{margin-right: 18% !important;margin-left: 18% !important;}&#8221;][\/vc_column][\/vc_row][vc_row css=&#8221;.vc_custom_1454014723716{padding-bottom: 35px !important;}&#8221;][vc_column width=&#8221;1\/3&#8243; css=&#8221;.vc_custom_1453791054424{padding-top: 0px !important;}&#8221;][vc_single_image image=&#8221;781&#8243; img_size=&#8221;full&#8221; css=&#8221;.vc_custom_1456287983771{margin-bottom: 20px !important;}&#8221;][vc_custom_heading text=&#8221;Matratze&#8221; font_container=&#8221;tag:h3|font_size:23px|text_align:center|color:%23000000&#8243; use_theme_fonts=&#8221;yes&#8221; css=&#8221;.vc_custom_1464943455550{margin-bottom: 8px !important;}&#8221;][vc_btn title=&#8221;MEHR ERFAHREN&#8221; shape=&#8221;square&#8221; color=&#8221;white&#8221; size=&#8221;xs&#8221; align=&#8221;center&#8221; css=&#8221;.vc_custom_1464943775244{margin-top: 20px !important;}&#8221; button_block=&#8221;true&#8221; el_class=&#8221;home_boxbutton&#8221; link=&#8221;url:http%3A%2F%2Fwww.greenflex.it%2Fmaterassi%2F||&#8221;][\/vc_column][vc_column width=&#8221;1\/3&#8243; css=&#8221;.vc_custom_1453791059024{padding-top: 0px !important;}&#8221;][vc_single_image image=&#8221;782&#8243; img_size=&#8221;full&#8221; css=&#8221;.vc_custom_1456287994138{margin-bottom: 20px !important;}&#8221;][vc_custom_heading text=&#8221;LattenRoste&#8221; font_container=&#8221;tag:h3|font_size:23px|text_align:center|color:%23000000&#8243; use_theme_fonts=&#8221;yes&#8221; css=&#8221;.vc_custom_1464943476286{margin-bottom: 8px !important;}&#8221;][vc_btn title=&#8221;MEHR ERFAHREN&#8221; shape=&#8221;square&#8221; color=&#8221;white&#8221; size=&#8221;xs&#8221; align=&#8221;center&#8221; css=&#8221;.vc_custom_1464943781777{margin-top: 20px !important;}&#8221; button_block=&#8221;true&#8221; el_class=&#8221;home_boxbutton&#8221; link=&#8221;url:http%3A%2F%2Fwww.greenflex.it%2Freti%2F||&#8221;][\/vc_column][vc_column width=&#8221;1\/3&#8243; css=&#8221;.vc_custom_1453791063626{padding-top: 0px !important;}&#8221;][vc_single_image image=&#8221;780&#8243; img_size=&#8221;full&#8221; css=&#8221;.vc_custom_1456288006176{margin-bottom: 20px !important;}&#8221;][vc_custom_heading text=&#8221;Zubeh\u00f6r&#8221; font_container=&#8221;tag:h3|font_size:23px|text_align:center|color:%23000000&#8243; use_theme_fonts=&#8221;yes&#8221; css=&#8221;.vc_custom_1464943530069{margin-bottom: 8px !important;}&#8221;][vc_btn title=&#8221;MEHR ERFAHREN&#8221; shape=&#8221;square&#8221; color=&#8221;white&#8221; size=&#8221;xs&#8221; align=&#8221;center&#8221; css=&#8221;.vc_custom_1464943788712{margin-top: 20px !important;}&#8221; button_block=&#8221;true&#8221; el_class=&#8221;home_boxbutton&#8221; link=&#8221;url:http%3A%2F%2Fwww.greenflex.it%2Faccessori%2F||&#8221;][\/vc_column][\/vc_row]<\/p>\n","protected":false},"excerpt":{"rendered":"<p>[vc_row full_width=&#8221;stretch_row_content_no_spaces&#8221; css=&#8221;.vc_custom_1449608691067{margin-bottom: 0px !important;}&#8221;][vc_column css=&#8221;.vc_custom_1449590950112{margin-bottom: 0px !important;padding-bottom: 0px !important;}&#8221;][\/vc_column][\/vc_row][vc_row full_width=&#8221;stretch_row_content&#8221; css=&#8221;.vc_custom_1454014668254{margin-top: -35px !important;margin-bottom: 0px !important;padding-top: 50px !important;padding-bottom: 50px !important;}&#8221;][vc_column css=&#8221;.vc_custom_1453791121721{padding-top: 0px !important;}&#8221;][vc_custom_heading text=&#8221;Hohe Qualit\u00e4t \u201cMade in Italy\u201d&#8221; font_container=&#8221;tag:h3|font_size:38px|text_align:center|color:%23000000&#8243; use_theme_fonts=&#8221;yes&#8221; css=&#8221;.vc_custom_1464943319575{margin-bottom: 20px !important;}&#8221;][vc_custom_heading text=&#8221;In ihrem Bereich beweist Greenflex dass sie immer auf dem neusten Stand ist. Mit unserer Kreativit\u00e4t bringen wir dasganze Gesch\u00e4ftspotenzial zum Ausdruck [&hellip;]<\/p>\n","protected":false},"author":1,"featured_media":0,"parent":0,"menu_order":0,"comment_status":"closed","ping_status":"closed","template":"","meta":{"footnotes":""},"class_list":["post-1770","page","type-page","status-publish","hentry"],"_links":{"self":[{"href":"http:\/\/greenflex.it\/de\/wp-json\/wp\/v2\/pages\/1770","targetHints":{"allow":["GET"]}}],"collection":[{"href":"http:\/\/greenflex.it\/de\/wp-json\/wp\/v2\/pages"}],"about":[{"href":"http:\/\/greenflex.it\/de\/wp-json\/wp\/v2\/types\/page"}],"author":[{"embeddable":true,"href":"http:\/\/greenflex.it\/de\/wp-json\/wp\/v2\/users\/1"}],"replies":[{"embeddable":true,"href":"http:\/\/greenflex.it\/de\/wp-json\/wp\/v2\/comments?post=1770"}],"version-history":[{"count":6,"href":"http:\/\/greenflex.it\/de\/wp-json\/wp\/v2\/pages\/1770\/revisions"}],"predecessor-version":[{"id":3423,"href":"http:\/\/greenflex.it\/de\/wp-json\/wp\/v2\/pages\/1770\/revisions\/3423"}],"wp:attachment":[{"href":"http:\/\/greenflex.it\/de\/wp-json\/wp\/v2\/media?parent=1770"}],"curies":[{"name":"wp","href":"https:\/\/api.w.org\/{rel}","templated":true}]}}